{"id":993,"date":"2019-11-01T14:13:25","date_gmt":"2019-11-01T14:13:25","guid":{"rendered":"http:\/\/neophyten-in-der-landwirtschaft.de\/?page_id=993"},"modified":"2020-06-23T10:28:41","modified_gmt":"2020-06-23T10:28:41","slug":"envisage-abschlussworkshop","status":"publish","type":"page","link":"https:\/\/neophyten-in-der-landwirtschaft.de\/index.php\/envisage-abschlussworkshop\/","title":{"rendered":"\u201eKontrolle von invasiven Neophyten auf landwirtschaftlichen Nutzfl\u00e4chen\u201c &#8211; Abschlussworkshop"},"content":{"rendered":"\n<p><strong>Landesanstalt f\u00fcr Landwirtschaft und Gartenbau Sachsen-Anhalt, Bernburg-Strenzfeld, Strenzfelder Allee 22, <br> 22. November 2019, 9 &#8211; 14.30 Uhr<\/strong><\/p>\n\n\n\n<figure class=\"wp-block-image\"><img decoding=\"async\" loading=\"lazy\" width=\"1024\" height=\"683\" src=\"http:\/\/neophyten-in-der-landwirtschaft.de\/wp-content\/uploads\/2020\/03\/Abschlussworkshop-EnVISAGE-Bernburg-21.11.2019-Antje-Birger-P1240027-cx-1024x683.jpg\" alt=\"\" class=\"wp-image-1238\" srcset=\"https:\/\/neophyten-in-der-landwirtschaft.de\/wp-content\/uploads\/2020\/03\/Abschlussworkshop-EnVISAGE-Bernburg-21.11.2019-Antje-Birger-P1240027-cx.jpg 1024w, https:\/\/neophyten-in-der-landwirtschaft.de\/wp-content\/uploads\/2020\/03\/Abschlussworkshop-EnVISAGE-Bernburg-21.11.2019-Antje-Birger-P1240027-cx-300x200.jpg 300w, https:\/\/neophyten-in-der-landwirtschaft.de\/wp-content\/uploads\/2020\/03\/Abschlussworkshop-EnVISAGE-Bernburg-21.11.2019-Antje-Birger-P1240027-cx-768x512.jpg 768w, https:\/\/neophyten-in-der-landwirtschaft.de\/wp-content\/uploads\/2020\/03\/Abschlussworkshop-EnVISAGE-Bernburg-21.11.2019-Antje-Birger-P1240027-cx-150x100.jpg 150w\" sizes=\"(max-width: 1024px) 100vw, 1024px\" \/><\/figure>\n\n\n\n<p>Die Ausbreitung invasiver Neophyten bedroht zunehmend die Produktivit\u00e4t landwirtschaftlich genutzter Fl\u00e4chen. Im Projekt ENVISAGE wurden daher f\u00fcr 9 ausgew\u00e4hlte, landwirtschaftlich relevante invasive Neophyten integrierte Verfahren zur ihrer Regulierung auf Ackerfl\u00e4chen und Gr\u00fcnland erarbeitet, getestet und abschlie\u00dfend in Handlungsempfehlungen zusammengefasst. Auf diesem Workshop wurden die Ergebnisse des Projektes ENVISAGE den Akteuren vorgestellt. <br>Wir danken den TeilnehmerInnen f\u00fcr das Interesse und die regen Diskussionen! <\/p>\n\n\n\n<p>Vortr\u00e4ge zum Download als pdf-Dateien:<\/p>\n\n\n\n<p><a href=\"http:\/\/neophyten-in-der-landwirtschaft.de\/wp-content\/uploads\/2020\/02\/Haase-2019-Einf\u00fchrung-in-das-ENVISAGE-Projekt.pdf\">Einf\u00fchrung in das ENVISAGE-Projekt<\/a> Matthias Haase, LPV Gr\u00fcne Umwelt<\/p>\n\n\n\n<p><a href=\"http:\/\/neophyten-in-der-landwirtschaft.de\/wp-content\/uploads\/2020\/06\/Birger-2019-Fernerkundung-ENVISAGE_11_2019_Ver\u00f6ffentlichung_mit-Legenden_15_06_2020.pdf\">Fernerkundung von Neophyten auf landwirtschaftlichen Nutzfl\u00e4chen<\/a>, Antje Birger, Jens Birger , UMGEODAT<\/p>\n\n\n\n<p><a href=\"http:\/\/neophyten-in-der-landwirtschaft.de\/wp-content\/uploads\/2020\/06\/Haase-S\u00f6lter-2019-ENVISAGE-Ergebnisse-\u00fcberarbeitet.pdf\">Vorstellung der Projektergebnisse<\/a>, Matthias Haase, Irene Hoppe, LPV Gr\u00fcne Umwelt und Dr. Ulrike S\u00f6lter, Dr. Arnd Verschwele, Julius K\u00fchn-Institut <\/p>\n\n\n\n<p><a href=\"http:\/\/neophyten-in-der-landwirtschaft.de\/wp-content\/uploads\/2020\/02\/Schneider-2019-\u00d6ffentliche-Ergebnisse-des-ENVISAGE-Projektes.pdf\">\u00d6ffentliche Ergebnisse des ENVISAGE-Projektes<\/a>, Katrin Schneider, UfU<\/p>\n\n\n\n<p><a href=\"http:\/\/neophyten-in-der-landwirtschaft.de\/wp-content\/uploads\/2020\/02\/Birger-2019-Wie-gehts-weiter.pdf\">ENVISAGE-Wie geht\u00b4s weiter?<\/a>, Antje Birger, UMGEODAT<br><\/p>\n","protected":false},"excerpt":{"rendered":"<p>Landesanstalt f\u00fcr Landwirtschaft und Gartenbau Sachsen-Anhalt, Bernburg-Strenzfeld, Strenzfelder Allee 22, 22. November 2019, 9 &#8211; 14.30 Uhr Die Ausbreitung invasiver Neophyten bedroht zunehmend die Produktivit\u00e4t landwirtschaftlich genutzter Fl\u00e4chen. Im Projekt ENVISAGE wurden daher f\u00fcr 9 ausgew\u00e4hlte, landwirtschaftlich relevante invasive Neophyten integrierte Verfahren zur ihrer Regulierung auf Ackerfl\u00e4chen und Gr\u00fcnland erarbeitet,\u2026<\/p>\n<p> <a class=\"continue-reading-link\" href=\"https:\/\/neophyten-in-der-landwirtschaft.de\/index.php\/envisage-abschlussworkshop\/\"><span>Continue reading<\/span><i class=\"crycon-right-dir\"><\/i><\/a> <\/p>\n","protected":false},"author":2,"featured_media":0,"parent":0,"menu_order":0,"comment_status":"closed","ping_status":"closed","template":"","meta":{"ngg_post_thumbnail":0,"_monsterinsights_skip_tracking":false,"_monsterinsights_sitenote_active":false,"_monsterinsights_sitenote_note":"","_monsterinsights_sitenote_category":0},"_links":{"self":[{"href":"https:\/\/neophyten-in-der-landwirtschaft.de\/index.php\/wp-json\/wp\/v2\/pages\/993"}],"collection":[{"href":"https:\/\/neophyten-in-der-landwirtschaft.de\/index.php\/wp-json\/wp\/v2\/pages"}],"about":[{"href":"https:\/\/neophyten-in-der-landwirtschaft.de\/index.php\/wp-json\/wp\/v2\/types\/page"}],"author":[{"embeddable":true,"href":"https:\/\/neophyten-in-der-landwirtschaft.de\/index.php\/wp-json\/wp\/v2\/users\/2"}],"replies":[{"embeddable":true,"href":"https:\/\/neophyten-in-der-landwirtschaft.de\/index.php\/wp-json\/wp\/v2\/comments?post=993"}],"version-history":[{"count":23,"href":"https:\/\/neophyten-in-der-landwirtschaft.de\/index.php\/wp-json\/wp\/v2\/pages\/993\/revisions"}],"predecessor-version":[{"id":1374,"href":"https:\/\/neophyten-in-der-landwirtschaft.de\/index.php\/wp-json\/wp\/v2\/pages\/993\/revisions\/1374"}],"wp:attachment":[{"href":"https:\/\/neophyten-in-der-landwirtschaft.de\/index.php\/wp-json\/wp\/v2\/media?parent=993"}],"curies":[{"name":"wp","href":"https:\/\/api.w.org\/{rel}","templated":true}]}}