{"id":980,"date":"2019-05-21T07:57:58","date_gmt":"2019-05-21T07:57:58","guid":{"rendered":"http:\/\/neophyten-in-der-landwirtschaft.de\/?page_id=980"},"modified":"2023-08-31T17:13:35","modified_gmt":"2023-08-31T17:13:35","slug":"handlungsempfehlungen","status":"publish","type":"page","link":"https:\/\/neophyten-in-der-landwirtschaft.de\/index.php\/handlungsempfehlungen\/","title":{"rendered":"Handlungsempfehlungen"},"content":{"rendered":"\n<p>Die Handlungsempfehlungen zum Umgang mit invasiven Neophyten auf landwirtschaftlichen Nutzfl\u00e4chen sind das Ergebnis der Freiland-\/Laborversuche im Rahmen des ENVISAGE-Projektes sowie der Analyse des aktuellen Wissensstands. Bei einigen Versuchsreihen ist aufgrund der begrenzten Projektlaufzeit noch keine abschlie\u00dfende Bewertung zur Wirksamkeit m\u00f6glich. Diese Ma\u00dfnahmen wurden im Zweifel der Kategorie \u201aunsicher\u2018 zugeordnet. Neue Erkenntnisse werden sukzessive erg\u00e4nzt \u2013 f\u00fcr Hinweise diesbez\u00fcglich ist das Projektteam dankbar!<\/p>\n\n\n\n<hr class=\"wp-block-separator has-css-opacity\"\/>\n\n\n\n<div class=\"wp-block-columns is-layout-flex wp-container-3\">\n<div class=\"wp-block-column is-layout-flow\" style=\"flex-basis:33.33%\">\n<p class=\"has-text-align-left\">Alle Handlungsempfehlungen sind pro Art beschrieben.<\/p>\n\n\n\n<p><a href=\"http:\/\/217.16.166.82\/envisage\/wordpress\/handlungsempfehlungen\/index.html\" target=\"_blank\" rel=\"noreferrer noopener\" class=\"broken_link\">Zu den Empfehlungen<\/a><\/p>\n<\/div>\n\n\n\n<div class=\"wp-block-column is-layout-flow\" style=\"flex-basis:66.66%\">\n<figure class=\"wp-block-image size-large\"><a href=\"http:\/\/neophyten-in-der-landwirtschaft.de\/handlungsempfehlungen\/index.html\"><img decoding=\"async\" loading=\"lazy\" width=\"992\" height=\"536\" src=\"http:\/\/neophyten-in-der-landwirtschaft.de\/wp-content\/uploads\/2020\/05\/envisage_handlungsempfehlungen.png\" alt=\"\" class=\"wp-image-1346\" srcset=\"https:\/\/neophyten-in-der-landwirtschaft.de\/wp-content\/uploads\/2020\/05\/envisage_handlungsempfehlungen.png 992w, https:\/\/neophyten-in-der-landwirtschaft.de\/wp-content\/uploads\/2020\/05\/envisage_handlungsempfehlungen-300x162.png 300w, https:\/\/neophyten-in-der-landwirtschaft.de\/wp-content\/uploads\/2020\/05\/envisage_handlungsempfehlungen-768x415.png 768w, https:\/\/neophyten-in-der-landwirtschaft.de\/wp-content\/uploads\/2020\/05\/envisage_handlungsempfehlungen-150x81.png 150w\" sizes=\"(max-width: 992px) 100vw, 992px\" \/><\/a><\/figure>\n<\/div>\n<\/div>\n\n\n\n<p><\/p>\n","protected":false},"excerpt":{"rendered":"<p>Die Handlungsempfehlungen zum Umgang mit invasiven Neophyten auf landwirtschaftlichen Nutzfl\u00e4chen sind das Ergebnis der Freiland-\/Laborversuche im Rahmen des ENVISAGE-Projektes sowie der Analyse des aktuellen Wissensstands. Bei einigen Versuchsreihen ist aufgrund der begrenzten Projektlaufzeit noch keine abschlie\u00dfende Bewertung zur Wirksamkeit m\u00f6glich. Diese Ma\u00dfnahmen wurden im Zweifel der Kategorie \u201aunsicher\u2018 zugeordnet. Neue\u2026<\/p>\n<p> <a class=\"continue-reading-link\" href=\"https:\/\/neophyten-in-der-landwirtschaft.de\/index.php\/handlungsempfehlungen\/\"><span>Continue reading<\/span><i class=\"crycon-right-dir\"><\/i><\/a> <\/p>\n","protected":false},"author":1,"featured_media":0,"parent":0,"menu_order":0,"comment_status":"closed","ping_status":"closed","template":"","meta":{"ngg_post_thumbnail":0,"_monsterinsights_skip_tracking":false,"_monsterinsights_sitenote_active":false,"_monsterinsights_sitenote_note":"","_monsterinsights_sitenote_category":0},"_links":{"self":[{"href":"https:\/\/neophyten-in-der-landwirtschaft.de\/index.php\/wp-json\/wp\/v2\/pages\/980"}],"collection":[{"href":"https:\/\/neophyten-in-der-landwirtschaft.de\/index.php\/wp-json\/wp\/v2\/pages"}],"about":[{"href":"https:\/\/neophyten-in-der-landwirtschaft.de\/index.php\/wp-json\/wp\/v2\/types\/page"}],"author":[{"embeddable":true,"href":"https:\/\/neophyten-in-der-landwirtschaft.de\/index.php\/wp-json\/wp\/v2\/users\/1"}],"replies":[{"embeddable":true,"href":"https:\/\/neophyten-in-der-landwirtschaft.de\/index.php\/wp-json\/wp\/v2\/comments?post=980"}],"version-history":[{"count":16,"href":"https:\/\/neophyten-in-der-landwirtschaft.de\/index.php\/wp-json\/wp\/v2\/pages\/980\/revisions"}],"predecessor-version":[{"id":1386,"href":"https:\/\/neophyten-in-der-landwirtschaft.de\/index.php\/wp-json\/wp\/v2\/pages\/980\/revisions\/1386"}],"wp:attachment":[{"href":"https:\/\/neophyten-in-der-landwirtschaft.de\/index.php\/wp-json\/wp\/v2\/media?parent=980"}],"curies":[{"name":"wp","href":"https:\/\/api.w.org\/{rel}","templated":true}]}}