{"id":72,"date":"2017-01-20T19:59:14","date_gmt":"2017-01-20T19:59:14","guid":{"rendered":"http:\/\/217.16.166.82\/envisage\/wordpress\/?page_id=72"},"modified":"2020-04-14T13:35:51","modified_gmt":"2020-04-14T13:35:51","slug":"neophytenportraets","status":"publish","type":"page","link":"https:\/\/neophyten-in-der-landwirtschaft.de\/index.php\/neophytenportraets\/","title":{"rendered":"Neophyten-Portr\u00e4ts"},"content":{"rendered":"<p><img decoding=\"async\" loading=\"lazy\" class=\"alignnone wp-image-14 size-full\" src=\"http:\/\/neophyten-in-der-landwirtschaft.de\/wp-content\/uploads\/2017\/01\/Artenheader-2-e1515505894734.png\" alt=\"\" width=\"1024\" height=\"310\"><\/p>\n<p>Auf den folgenden Seiten werden neun invasive Neophyten vorgestellt, die auf \u00c4ckern oder im Gr\u00fcnland Probleme verursachen. Das sind zum einen derzeit zunehmend auftretende Ackerunkr\u00e4uter wie Samtpappel, Stechapfel und Erdmandel. Zum anderen sind es Arten, die von Brachen oder Stra\u00dfenr\u00e4ndern aus in die \u00c4cker und Gr\u00fcnl\u00e4nder einwandern und sich dort bei fehlender Kontrolle etablieren. Bisher sind wenige Methoden bekannt, wie diese Arten im Rahmen der normalen Bewirtschaftung von \u00c4ckern und Gr\u00fcnland zur\u00fcckgedr\u00e4ngt werden k\u00f6nnen.<\/p>\n<p>Pro Art erhalten Sie die folgenden Informationen:<\/p>\n<ul>\n<li>Fotos<\/li>\n<li>Literatur: Verweise auf Internetseiten u. a. Publikationen<\/li>\n<li>Auswirkungen : Erl\u00e4uterung der Auswirkungen der Arten<\/li>\n<li>Management: Empfehlungen zur Kontrolle der Arten<\/li>\n<\/ul>\n","protected":false},"excerpt":{"rendered":"<p>Auf den folgenden Seiten werden neun invasive Neophyten vorgestellt, die auf \u00c4ckern oder im Gr\u00fcnland Probleme verursachen. Das sind zum einen derzeit zunehmend auftretende Ackerunkr\u00e4uter wie Samtpappel, Stechapfel und Erdmandel. Zum anderen sind es Arten, die von Brachen oder Stra\u00dfenr\u00e4ndern aus in die \u00c4cker und Gr\u00fcnl\u00e4nder einwandern und sich dort\u2026<\/p>\n<p> <a class=\"continue-reading-link\" href=\"https:\/\/neophyten-in-der-landwirtschaft.de\/index.php\/neophytenportraets\/\"><span>Continue reading<\/span><i class=\"crycon-right-dir\"><\/i><\/a> <\/p>\n","protected":false},"author":1,"featured_media":0,"parent":0,"menu_order":0,"comment_status":"closed","ping_status":"closed","template":"","meta":{"ngg_post_thumbnail":0,"_monsterinsights_skip_tracking":false,"_monsterinsights_sitenote_active":false,"_monsterinsights_sitenote_note":"","_monsterinsights_sitenote_category":0},"_links":{"self":[{"href":"https:\/\/neophyten-in-der-landwirtschaft.de\/index.php\/wp-json\/wp\/v2\/pages\/72"}],"collection":[{"href":"https:\/\/neophyten-in-der-landwirtschaft.de\/index.php\/wp-json\/wp\/v2\/pages"}],"about":[{"href":"https:\/\/neophyten-in-der-landwirtschaft.de\/index.php\/wp-json\/wp\/v2\/types\/page"}],"author":[{"embeddable":true,"href":"https:\/\/neophyten-in-der-landwirtschaft.de\/index.php\/wp-json\/wp\/v2\/users\/1"}],"replies":[{"embeddable":true,"href":"https:\/\/neophyten-in-der-landwirtschaft.de\/index.php\/wp-json\/wp\/v2\/comments?post=72"}],"version-history":[{"count":4,"href":"https:\/\/neophyten-in-der-landwirtschaft.de\/index.php\/wp-json\/wp\/v2\/pages\/72\/revisions"}],"predecessor-version":[{"id":1257,"href":"https:\/\/neophyten-in-der-landwirtschaft.de\/index.php\/wp-json\/wp\/v2\/pages\/72\/revisions\/1257"}],"wp:attachment":[{"href":"https:\/\/neophyten-in-der-landwirtschaft.de\/index.php\/wp-json\/wp\/v2\/media?parent=72"}],"curies":[{"name":"wp","href":"https:\/\/api.w.org\/{rel}","templated":true}]}}