{"id":705,"date":"2018-02-02T14:59:32","date_gmt":"2018-02-02T14:59:32","guid":{"rendered":"http:\/\/neophyten-in-der-landwirtschaft.de\/?page_id=705"},"modified":"2018-02-05T14:46:48","modified_gmt":"2018-02-05T14:46:48","slug":"tests-im-julius-kuhn-institut","status":"publish","type":"page","link":"https:\/\/neophyten-in-der-landwirtschaft.de\/index.php\/tests-im-julius-kuhn-institut\/","title":{"rendered":"Tests im Julius K\u00fchn-Institut"},"content":{"rendered":"<p>F\u00fcr die zu pr\u00fcfenden Arten wird im Julius K\u00fchn-Institut ein Herbizid-Screening durchgef\u00fchrt. Daf\u00fcr steht im JKI eine station\u00e4re Applikationsanlage f\u00fcr Pflanzenschutzmittel und ausreichend Gew\u00e4chshausfl\u00e4che zur Verf\u00fcgung, die eine Pr\u00fcfung unter standardisierten und reproduzierbaren Bedingungen erlaubt. Die Auswahl der Herbizide erfolgt auf Grundlage vorhandener Daten und ber\u00fccksichtigt die aktuelle Zulassungssituation f\u00fcr relevante Kulturen bzw. Standorte, auf denen die Pflanzenarten potenziell vorkommen.<\/p>\n<p>Ein Beispiel:<br \/>\nDas Herbizid Simplex (100 g\/l Fluroxypyr und 30 g\/l Aminopyralid), zugelassen auf Wiesen und Weiden gegen zweikeimbl\u00e4ttrige Unkr\u00e4uter, wurde 2017 mit einer Aufwandmenge von 2 l\/ha appliziert. Zum Zeitpunkt der Applikation waren Eschen-Ahorn, Dr\u00fcsenbl\u00e4ttrige Kugeldistel und Orientalisches Zackensch\u00f6tchen im 4-6 Blatt-Stadium. Die \u00d6lweide wurde aus Stecklingen gezogen und direkt vor der Herbizidausbringung auf 30 cm H\u00f6he runtergeschnitten. 4 Wochen nach der Herbizidbehandlung waren Eschen-Ahorn, Dr\u00fcsenbl\u00e4ttrige Kugeldistel und die Schmalbl\u00e4ttrige \u00d6lweide komplett abgestorben (100 % Wirkungsgrad). Das Orientalisches Zackensch\u00f6tchen hingegen wurde nur zu 30 % gesch\u00e4digt.<\/p>\n<!-- index.php -->\n<div\n\tclass=\"ngg-galleryoverview ngg-ajax-pagination-none\"\n\tid=\"ngg-gallery-8e3852cb2414e13ae2c594bcac3a331a-1\">\n\n    \t<div class=\"slideshowlink\">\n        <a href='https:\/\/neophyten-in-der-landwirtschaft.de\/index.php\/tests-im-julius-kuhn-institut\/nggallery\/slideshow'>&#091;Show slideshow&#093;<\/a>\n\t\t\n\t<\/div>\n\t\t\t<!-- Thumbnails -->\n\t\t\t\t<div id=\"ngg-image-0\" class=\"ngg-gallery-thumbnail-box\" >\n\t\t\t\t        <div class=\"ngg-gallery-thumbnail\">\n            <a href=\"https:\/\/neophyten-in-der-landwirtschaft.de\/wp-content\/gallery\/test-herbizid-simplex-2017\/ELGAN-Simplex-vor-Behandlung-Ulrike-Soelter-e1517582990627.jpg\"\n               title=\"\u00d6lweide vor der Behandlung\"\n               data-src=\"https:\/\/neophyten-in-der-landwirtschaft.de\/wp-content\/gallery\/test-herbizid-simplex-2017\/ELGAN-Simplex-vor-Behandlung-Ulrike-Soelter-e1517582990627.jpg\"\n               data-thumbnail=\"https:\/\/neophyten-in-der-landwirtschaft.de\/wp-content\/gallery\/test-herbizid-simplex-2017\/thumbs\/thumbs_ELGAN-Simplex-vor-Behandlung-Ulrike-Soelter-e1517582990627.jpg\"\n               data-image-id=\"186\"\n               data-title=\"ELGAN-Simplex-vor-Behandlung-Ulrike-Soelter-e1517582990627\"\n               data-description=\"\u00d6lweide vor der Behandlung\"\n               data-image-slug=\"elgan-simplex-vor-behandlung-ulrike-soelter-e1517582990627\"\n               class=\"ngg-fancybox\" rel=\"8e3852cb2414e13ae2c594bcac3a331a\">\n                <img\n                    title=\"ELGAN-Simplex-vor-Behandlung-Ulrike-Soelter-e1517582990627\"\n                    alt=\"ELGAN-Simplex-vor-Behandlung-Ulrike-Soelter-e1517582990627\"\n                    src=\"https:\/\/neophyten-in-der-landwirtschaft.de\/wp-content\/gallery\/test-herbizid-simplex-2017\/thumbs\/thumbs_ELGAN-Simplex-vor-Behandlung-Ulrike-Soelter-e1517582990627.jpg\"\n                    width=\"240\"\n                    height=\"160\"\n                    style=\"max-width:100%;\"\n                \/>\n            <\/a>\n        <\/div>\n\t\t\t\t\t\t\t<\/div> \n\t\t\t\n        \n\t\t\t\t<div id=\"ngg-image-1\" class=\"ngg-gallery-thumbnail-box\" >\n\t\t\t\t        <div class=\"ngg-gallery-thumbnail\">\n            <a href=\"https:\/\/neophyten-in-der-landwirtschaft.de\/wp-content\/gallery\/test-herbizid-simplex-2017\/ACRNE-Simplex-Ulrike-Soelter-e1517582909694.jpg\"\n               title=\"Eschen-Ahorn: nach 4 Wochen komplett abgestorben\"\n               data-src=\"https:\/\/neophyten-in-der-landwirtschaft.de\/wp-content\/gallery\/test-herbizid-simplex-2017\/ACRNE-Simplex-Ulrike-Soelter-e1517582909694.jpg\"\n               data-thumbnail=\"https:\/\/neophyten-in-der-landwirtschaft.de\/wp-content\/gallery\/test-herbizid-simplex-2017\/thumbs\/thumbs_ACRNE-Simplex-Ulrike-Soelter-e1517582909694.jpg\"\n               data-image-id=\"182\"\n               data-title=\"ACRNE-Simplex-Ulrike-Soelter-e1517582909694\"\n               data-description=\"Eschen-Ahorn: nach 4 Wochen komplett abgestorben\"\n               data-image-slug=\"acrne-simplex-ulrike-soelter-e1517582909694\"\n               class=\"ngg-fancybox\" rel=\"8e3852cb2414e13ae2c594bcac3a331a\">\n                <img\n                    title=\"ACRNE-Simplex-Ulrike-Soelter-e1517582909694\"\n                    alt=\"ACRNE-Simplex-Ulrike-Soelter-e1517582909694\"\n                    src=\"https:\/\/neophyten-in-der-landwirtschaft.de\/wp-content\/gallery\/test-herbizid-simplex-2017\/thumbs\/thumbs_ACRNE-Simplex-Ulrike-Soelter-e1517582909694.jpg\"\n                    width=\"240\"\n                    height=\"160\"\n                    style=\"max-width:100%;\"\n                \/>\n            <\/a>\n        <\/div>\n\t\t\t\t\t\t\t<\/div> \n\t\t\t\n        \n\t\t\t\t<div id=\"ngg-image-2\" class=\"ngg-gallery-thumbnail-box\" >\n\t\t\t\t        <div class=\"ngg-gallery-thumbnail\">\n            <a href=\"https:\/\/neophyten-in-der-landwirtschaft.de\/wp-content\/gallery\/test-herbizid-simplex-2017\/ECPSP-Simplex-Ulrike-Soelter-e1517582966680.jpg\"\n               title=\"Dr\u00fcsenbl\u00e4ttrige Kugeldistel: nach 4 Wochen komplett abgestorben\"\n               data-src=\"https:\/\/neophyten-in-der-landwirtschaft.de\/wp-content\/gallery\/test-herbizid-simplex-2017\/ECPSP-Simplex-Ulrike-Soelter-e1517582966680.jpg\"\n               data-thumbnail=\"https:\/\/neophyten-in-der-landwirtschaft.de\/wp-content\/gallery\/test-herbizid-simplex-2017\/thumbs\/thumbs_ECPSP-Simplex-Ulrike-Soelter-e1517582966680.jpg\"\n               data-image-id=\"184\"\n               data-title=\"ECPSP-Simplex-Ulrike-Soelter-e1517582966680\"\n               data-description=\"Dr\u00fcsenbl\u00e4ttrige Kugeldistel: nach 4 Wochen komplett abgestorben\"\n               data-image-slug=\"ecpsp-simplex-ulrike-soelter-e1517582966680\"\n               class=\"ngg-fancybox\" rel=\"8e3852cb2414e13ae2c594bcac3a331a\">\n                <img\n                    title=\"ECPSP-Simplex-Ulrike-Soelter-e1517582966680\"\n                    alt=\"ECPSP-Simplex-Ulrike-Soelter-e1517582966680\"\n                    src=\"https:\/\/neophyten-in-der-landwirtschaft.de\/wp-content\/gallery\/test-herbizid-simplex-2017\/thumbs\/thumbs_ECPSP-Simplex-Ulrike-Soelter-e1517582966680.jpg\"\n                    width=\"240\"\n                    height=\"160\"\n                    style=\"max-width:100%;\"\n                \/>\n            <\/a>\n        <\/div>\n\t\t\t\t\t\t\t<\/div> \n\t\t\t\n        \n\t\t\t\t<div id=\"ngg-image-3\" class=\"ngg-gallery-thumbnail-box\" >\n\t\t\t\t        <div class=\"ngg-gallery-thumbnail\">\n            <a href=\"https:\/\/neophyten-in-der-landwirtschaft.de\/wp-content\/gallery\/test-herbizid-simplex-2017\/ELGAN-Simplex-4-Wo-nach-Behandlung-Ulrike-Soelter-1.jpg\"\n               title=\"\u00d6lweide: nach 4 Wochen komplett abgestorben\"\n               data-src=\"https:\/\/neophyten-in-der-landwirtschaft.de\/wp-content\/gallery\/test-herbizid-simplex-2017\/ELGAN-Simplex-4-Wo-nach-Behandlung-Ulrike-Soelter-1.jpg\"\n               data-thumbnail=\"https:\/\/neophyten-in-der-landwirtschaft.de\/wp-content\/gallery\/test-herbizid-simplex-2017\/thumbs\/thumbs_ELGAN-Simplex-4-Wo-nach-Behandlung-Ulrike-Soelter-1.jpg\"\n               data-image-id=\"187\"\n               data-title=\"ELGAN-Simplex-4-Wo-nach-Behandlung-Ulrike-Soelter-1\"\n               data-description=\"\u00d6lweide: nach 4 Wochen komplett abgestorben\"\n               data-image-slug=\"elgan-simplex-4-wo-nach-behandlung-ulrike-soelter-1\"\n               class=\"ngg-fancybox\" rel=\"8e3852cb2414e13ae2c594bcac3a331a\">\n                <img\n                    title=\"ELGAN-Simplex-4-Wo-nach-Behandlung-Ulrike-Soelter-1\"\n                    alt=\"ELGAN-Simplex-4-Wo-nach-Behandlung-Ulrike-Soelter-1\"\n                    src=\"https:\/\/neophyten-in-der-landwirtschaft.de\/wp-content\/gallery\/test-herbizid-simplex-2017\/thumbs\/thumbs_ELGAN-Simplex-4-Wo-nach-Behandlung-Ulrike-Soelter-1.jpg\"\n                    width=\"240\"\n                    height=\"160\"\n                    style=\"max-width:100%;\"\n                \/>\n            <\/a>\n        <\/div>\n\t\t\t\t\t\t\t<\/div> \n\t\t\t\n        \n\t\t\t\t<div id=\"ngg-image-4\" class=\"ngg-gallery-thumbnail-box\" >\n\t\t\t\t        <div class=\"ngg-gallery-thumbnail\">\n            <a href=\"https:\/\/neophyten-in-der-landwirtschaft.de\/wp-content\/gallery\/test-herbizid-simplex-2017\/BUNOR-Simplex-Ulrike-Soelter-e1517582949697.jpg\"\n               title=\"Orientalisches Zackensch\u00f6tchen: nur zu 30% gesch\u00e4digt\"\n               data-src=\"https:\/\/neophyten-in-der-landwirtschaft.de\/wp-content\/gallery\/test-herbizid-simplex-2017\/BUNOR-Simplex-Ulrike-Soelter-e1517582949697.jpg\"\n               data-thumbnail=\"https:\/\/neophyten-in-der-landwirtschaft.de\/wp-content\/gallery\/test-herbizid-simplex-2017\/thumbs\/thumbs_BUNOR-Simplex-Ulrike-Soelter-e1517582949697.jpg\"\n               data-image-id=\"183\"\n               data-title=\"BUNOR-Simplex-Ulrike-Soelter-e1517582949697\"\n               data-description=\"Orientalisches Zackensch\u00f6tchen: nur zu 30% gesch\u00e4digt\"\n               data-image-slug=\"bunor-simplex-ulrike-soelter-e1517582949697\"\n               class=\"ngg-fancybox\" rel=\"8e3852cb2414e13ae2c594bcac3a331a\">\n                <img\n                    title=\"BUNOR-Simplex-Ulrike-Soelter-e1517582949697\"\n                    alt=\"BUNOR-Simplex-Ulrike-Soelter-e1517582949697\"\n                    src=\"https:\/\/neophyten-in-der-landwirtschaft.de\/wp-content\/gallery\/test-herbizid-simplex-2017\/thumbs\/thumbs_BUNOR-Simplex-Ulrike-Soelter-e1517582949697.jpg\"\n                    width=\"240\"\n                    height=\"160\"\n                    style=\"max-width:100%;\"\n                \/>\n            <\/a>\n        <\/div>\n\t\t\t\t\t\t\t<\/div> \n\t\t\t\n        \n\t\t\n\t\t<!-- Pagination -->\n\t<div class='ngg-clear'><\/div>\t<\/div>\n\n<p>&nbsp;<\/p>\n","protected":false},"excerpt":{"rendered":"<p>F\u00fcr die zu pr\u00fcfenden Arten wird im Julius K\u00fchn-Institut ein Herbizid-Screening durchgef\u00fchrt. Daf\u00fcr steht im JKI eine station\u00e4re Applikationsanlage f\u00fcr Pflanzenschutzmittel und ausreichend Gew\u00e4chshausfl\u00e4che zur Verf\u00fcgung, die eine Pr\u00fcfung unter standardisierten und reproduzierbaren Bedingungen erlaubt. Die Auswahl der Herbizide erfolgt auf Grundlage vorhandener Daten und ber\u00fccksichtigt die aktuelle Zulassungssituation f\u00fcr\u2026<\/p>\n<p> <a class=\"continue-reading-link\" href=\"https:\/\/neophyten-in-der-landwirtschaft.de\/index.php\/tests-im-julius-kuhn-institut\/\"><span>Continue reading<\/span><i class=\"crycon-right-dir\"><\/i><\/a> <\/p>\n","protected":false},"author":2,"featured_media":0,"parent":0,"menu_order":0,"comment_status":"closed","ping_status":"closed","template":"","meta":{"ngg_post_thumbnail":0,"_monsterinsights_skip_tracking":false,"_monsterinsights_sitenote_active":false,"_monsterinsights_sitenote_note":"","_monsterinsights_sitenote_category":0},"_links":{"self":[{"href":"https:\/\/neophyten-in-der-landwirtschaft.de\/index.php\/wp-json\/wp\/v2\/pages\/705"}],"collection":[{"href":"https:\/\/neophyten-in-der-landwirtschaft.de\/index.php\/wp-json\/wp\/v2\/pages"}],"about":[{"href":"https:\/\/neophyten-in-der-landwirtschaft.de\/index.php\/wp-json\/wp\/v2\/types\/page"}],"author":[{"embeddable":true,"href":"https:\/\/neophyten-in-der-landwirtschaft.de\/index.php\/wp-json\/wp\/v2\/users\/2"}],"replies":[{"embeddable":true,"href":"https:\/\/neophyten-in-der-landwirtschaft.de\/index.php\/wp-json\/wp\/v2\/comments?post=705"}],"version-history":[{"count":6,"href":"https:\/\/neophyten-in-der-landwirtschaft.de\/index.php\/wp-json\/wp\/v2\/pages\/705\/revisions"}],"predecessor-version":[{"id":717,"href":"https:\/\/neophyten-in-der-landwirtschaft.de\/index.php\/wp-json\/wp\/v2\/pages\/705\/revisions\/717"}],"wp:attachment":[{"href":"https:\/\/neophyten-in-der-landwirtschaft.de\/index.php\/wp-json\/wp\/v2\/media?parent=705"}],"curies":[{"name":"wp","href":"https:\/\/api.w.org\/{rel}","templated":true}]}}