{"id":67,"date":"2017-01-20T19:57:18","date_gmt":"2017-01-20T19:57:18","guid":{"rendered":"http:\/\/217.16.166.82\/envisage\/wordpress\/?page_id=67"},"modified":"2020-06-16T13:37:55","modified_gmt":"2020-06-16T13:37:55","slug":"bekampfungsstrategien","status":"publish","type":"page","link":"https:\/\/neophyten-in-der-landwirtschaft.de\/index.php\/bekampfungsstrategien\/","title":{"rendered":"Bek\u00e4mpfungsstrategien"},"content":{"rendered":"<p>Gegenstand des Projektes war die Erarbeitung von L\u00f6sungsans\u00e4tzen zum Umgang mit etablierten bzw. sich ausbreitenden &nbsp;Best\u00e4nden invasiver Neophyten auf Acker- oder Gr\u00fcnland.<br \/>\nSowohl im geschlossenen System als auch im Freiland wurden Bek\u00e4mpfungsma\u00dfnahmen an den Zielarten in unterschiedlichen Entwicklungsstadien getestet. F\u00fcr Fl\u00e4chen des \u00d6kolandbaus wurden die Regulierung dieser Arten mittels Bodenbearbeitung und die Unterdr\u00fcckung durch die Kultur untersucht.<br \/>\nAls Ergebnis der Versuche wurden <a href=\"http:\/\/neophyten-in-der-landwirtschaft.de\/index.php\/handlungsempfehlungen\/\">Handlungsempfehlungen<\/a> erstellt, die neben Kosten, Aufwand und Risiken auch die Integration der Bek\u00e4mpfung in die landwirtschaftlichen Produktionsabl\u00e4ufe ber\u00fccksichtigen.<\/p>\n<p><a href=\"http:\/\/neophyten-in-der-landwirtschaft.de\/index.php\/tests-im-julius-kuhn-institut\/\">Tests im Julius K\u00fchn-Institut<\/a><\/p>\n<p><a href=\"http:\/\/neophyten-in-der-landwirtschaft.de\/index.php\/masnahmetests-im-gelande\/\">Ma\u00dfnahmetests im Gel\u00e4nde<\/a><\/p>\n","protected":false},"excerpt":{"rendered":"<p>Gegenstand des Projektes war die Erarbeitung von L\u00f6sungsans\u00e4tzen zum Umgang mit etablierten bzw. sich ausbreitenden &nbsp;Best\u00e4nden invasiver Neophyten auf Acker- oder Gr\u00fcnland. Sowohl im geschlossenen System als auch im Freiland wurden Bek\u00e4mpfungsma\u00dfnahmen an den Zielarten in unterschiedlichen Entwicklungsstadien getestet. F\u00fcr Fl\u00e4chen des \u00d6kolandbaus wurden die Regulierung dieser Arten mittels Bodenbearbeitung\u2026<\/p>\n<p> <a class=\"continue-reading-link\" href=\"https:\/\/neophyten-in-der-landwirtschaft.de\/index.php\/bekampfungsstrategien\/\"><span>Continue reading<\/span><i class=\"crycon-right-dir\"><\/i><\/a> <\/p>\n","protected":false},"author":1,"featured_media":0,"parent":0,"menu_order":0,"comment_status":"closed","ping_status":"closed","template":"","meta":{"ngg_post_thumbnail":0,"_monsterinsights_skip_tracking":false,"_monsterinsights_sitenote_active":false,"_monsterinsights_sitenote_note":"","_monsterinsights_sitenote_category":0},"_links":{"self":[{"href":"https:\/\/neophyten-in-der-landwirtschaft.de\/index.php\/wp-json\/wp\/v2\/pages\/67"}],"collection":[{"href":"https:\/\/neophyten-in-der-landwirtschaft.de\/index.php\/wp-json\/wp\/v2\/pages"}],"about":[{"href":"https:\/\/neophyten-in-der-landwirtschaft.de\/index.php\/wp-json\/wp\/v2\/types\/page"}],"author":[{"embeddable":true,"href":"https:\/\/neophyten-in-der-landwirtschaft.de\/index.php\/wp-json\/wp\/v2\/users\/1"}],"replies":[{"embeddable":true,"href":"https:\/\/neophyten-in-der-landwirtschaft.de\/index.php\/wp-json\/wp\/v2\/comments?post=67"}],"version-history":[{"count":7,"href":"https:\/\/neophyten-in-der-landwirtschaft.de\/index.php\/wp-json\/wp\/v2\/pages\/67\/revisions"}],"predecessor-version":[{"id":1365,"href":"https:\/\/neophyten-in-der-landwirtschaft.de\/index.php\/wp-json\/wp\/v2\/pages\/67\/revisions\/1365"}],"wp:attachment":[{"href":"https:\/\/neophyten-in-der-landwirtschaft.de\/index.php\/wp-json\/wp\/v2\/media?parent=67"}],"curies":[{"name":"wp","href":"https:\/\/api.w.org\/{rel}","templated":true}]}}