{"id":65,"date":"2017-01-20T19:56:52","date_gmt":"2017-01-20T19:56:52","guid":{"rendered":"http:\/\/217.16.166.82\/envisage\/wordpress\/?page_id=65"},"modified":"2020-06-19T07:45:23","modified_gmt":"2020-06-19T07:45:23","slug":"fernerkundung","status":"publish","type":"page","link":"https:\/\/neophyten-in-der-landwirtschaft.de\/index.php\/fernerkundung\/","title":{"rendered":"Fernerkundung"},"content":{"rendered":"<p><img decoding=\"async\" loading=\"lazy\" class=\"alignnone wp-image-1354 size-full\" src=\"http:\/\/neophyten-in-der-landwirtschaft.de\/wp-content\/uploads\/2020\/06\/Titelbild-Fernerkundung.png\" alt=\"\" width=\"1024\" height=\"309\" srcset=\"https:\/\/neophyten-in-der-landwirtschaft.de\/wp-content\/uploads\/2020\/06\/Titelbild-Fernerkundung.png 1024w, https:\/\/neophyten-in-der-landwirtschaft.de\/wp-content\/uploads\/2020\/06\/Titelbild-Fernerkundung-300x91.png 300w, https:\/\/neophyten-in-der-landwirtschaft.de\/wp-content\/uploads\/2020\/06\/Titelbild-Fernerkundung-768x232.png 768w, https:\/\/neophyten-in-der-landwirtschaft.de\/wp-content\/uploads\/2020\/06\/Titelbild-Fernerkundung-150x45.png 150w\" sizes=\"(max-width: 1024px) 100vw, 1024px\" \/><\/p>\n<p>Im Projekt &nbsp;ENVISAGE wurden innovative Werkzeuge zur Detektion der untersuchten Neophyten basierend auf der Auswertung von Fernerkundungsdaten entwickelt. Dazu wurden segmentbasierte Klassifikationsverfahren f\u00fcr die Auswertung der hochaufl\u00f6senden Luft- und Satellitenbilddaten sowie Multispektral- und Nahinfrarot-Kameras eingesetzt und hinsichtlich ihrer Eignung zur Detektion der Arten getestet. Durch die Kombination dieser verschiedenen Sensoren in einem hierarchisch gestuften System wurden die artspezifisch optimalen Aufnahmezeitpunkte abgeleitet und in der Praxis erprobt.<\/p>\n<p>Im Zuge des Projektes wurde damit ein Instrumentarium geschaffen, das es erlaubt, ausgehend von bekannten Vorkommen dieser Arten deren fl\u00e4chenhafte Verbreitung auf \u00c4ckern und Gr\u00fcnland abzuleiten.<\/p>\n\n<a href=\"https:\/\/neophyten-in-der-landwirtschaft.de\/wp-content\/uploads\/2020\/06\/Birger-2019-Fernerkundung-ENVISAGE_11_2019_Ver\u00f6ffentlichung_mit-Legenden_15_06_2020.pdf\" class=\"pdfemb-viewer\" style=\"width: 750px; \" data-width=\"750\" data-height=\"max\"  data-toolbar=\"bottom\" data-toolbar-fixed=\"off\">Birger-2019-Fernerkundung-ENVISAGE_11_2019_Ver\u00f6ffentlichung_mit-Legenden_15_06_2020<br\/><\/a>\n<p class=\"wp-block-pdfemb-pdf-embedder-viewer\"><\/p>\n\n\n\n<p><\/p>\n","protected":false},"excerpt":{"rendered":"<p>Im Projekt &nbsp;ENVISAGE wurden innovative Werkzeuge zur Detektion der untersuchten Neophyten basierend auf der Auswertung von Fernerkundungsdaten entwickelt. Dazu wurden segmentbasierte Klassifikationsverfahren f\u00fcr die Auswertung der hochaufl\u00f6senden Luft- und Satellitenbilddaten sowie Multispektral- und Nahinfrarot-Kameras eingesetzt und hinsichtlich ihrer Eignung zur Detektion der Arten getestet. Durch die Kombination dieser verschiedenen Sensoren\u2026<\/p>\n<p> <a class=\"continue-reading-link\" href=\"https:\/\/neophyten-in-der-landwirtschaft.de\/index.php\/fernerkundung\/\"><span>Continue reading<\/span><i class=\"crycon-right-dir\"><\/i><\/a> <\/p>\n","protected":false},"author":1,"featured_media":0,"parent":0,"menu_order":0,"comment_status":"closed","ping_status":"closed","template":"","meta":{"ngg_post_thumbnail":0,"_monsterinsights_skip_tracking":false,"_monsterinsights_sitenote_active":false,"_monsterinsights_sitenote_note":"","_monsterinsights_sitenote_category":0},"_links":{"self":[{"href":"https:\/\/neophyten-in-der-landwirtschaft.de\/index.php\/wp-json\/wp\/v2\/pages\/65"}],"collection":[{"href":"https:\/\/neophyten-in-der-landwirtschaft.de\/index.php\/wp-json\/wp\/v2\/pages"}],"about":[{"href":"https:\/\/neophyten-in-der-landwirtschaft.de\/index.php\/wp-json\/wp\/v2\/types\/page"}],"author":[{"embeddable":true,"href":"https:\/\/neophyten-in-der-landwirtschaft.de\/index.php\/wp-json\/wp\/v2\/users\/1"}],"replies":[{"embeddable":true,"href":"https:\/\/neophyten-in-der-landwirtschaft.de\/index.php\/wp-json\/wp\/v2\/comments?post=65"}],"version-history":[{"count":7,"href":"https:\/\/neophyten-in-der-landwirtschaft.de\/index.php\/wp-json\/wp\/v2\/pages\/65\/revisions"}],"predecessor-version":[{"id":1370,"href":"https:\/\/neophyten-in-der-landwirtschaft.de\/index.php\/wp-json\/wp\/v2\/pages\/65\/revisions\/1370"}],"wp:attachment":[{"href":"https:\/\/neophyten-in-der-landwirtschaft.de\/index.php\/wp-json\/wp\/v2\/media?parent=65"}],"curies":[{"name":"wp","href":"https:\/\/api.w.org\/{rel}","templated":true}]}}