{"id":63,"date":"2017-01-20T19:55:50","date_gmt":"2017-01-20T19:55:50","guid":{"rendered":"http:\/\/217.16.166.82\/envisage\/wordpress\/?page_id=63"},"modified":"2020-05-15T12:40:55","modified_gmt":"2020-05-15T12:40:55","slug":"projekt","status":"publish","type":"page","link":"https:\/\/neophyten-in-der-landwirtschaft.de\/index.php\/projekt\/","title":{"rendered":"Projekt"},"content":{"rendered":"<p data-wp-editing=\"1\"><a href=\"http:\/\/neophyten-in-der-landwirtschaft.de\/wp-content\/uploads\/2020\/05\/ENVISAGE-Flyer-2020-1.pdf\"><img decoding=\"async\" loading=\"lazy\" class=\"alignnone wp-image-1286\" src=\"http:\/\/neophyten-in-der-landwirtschaft.de\/wp-content\/uploads\/2020\/05\/ENVISAGE-Flyer-2020-1_Seite_1-300x212.jpg\" alt=\"\" width=\"250\" height=\"177\" srcset=\"https:\/\/neophyten-in-der-landwirtschaft.de\/wp-content\/uploads\/2020\/05\/ENVISAGE-Flyer-2020-1_Seite_1-300x212.jpg 300w, https:\/\/neophyten-in-der-landwirtschaft.de\/wp-content\/uploads\/2020\/05\/ENVISAGE-Flyer-2020-1_Seite_1-1024x724.jpg 1024w, https:\/\/neophyten-in-der-landwirtschaft.de\/wp-content\/uploads\/2020\/05\/ENVISAGE-Flyer-2020-1_Seite_1-768x543.jpg 768w, https:\/\/neophyten-in-der-landwirtschaft.de\/wp-content\/uploads\/2020\/05\/ENVISAGE-Flyer-2020-1_Seite_1-1536x1086.jpg 1536w, https:\/\/neophyten-in-der-landwirtschaft.de\/wp-content\/uploads\/2020\/05\/ENVISAGE-Flyer-2020-1_Seite_1-2048x1448.jpg 2048w, https:\/\/neophyten-in-der-landwirtschaft.de\/wp-content\/uploads\/2020\/05\/ENVISAGE-Flyer-2020-1_Seite_1-150x106.jpg 150w\" sizes=\"(max-width: 250px) 100vw, 250px\" \/><\/a><a href=\"http:\/\/neophyten-in-der-landwirtschaft.de\/wp-content\/uploads\/2020\/05\/ENVISAGE-Flyer-2020-1.pdf\"> <img decoding=\"async\" loading=\"lazy\" class=\"alignnone wp-image-1285\" src=\"http:\/\/neophyten-in-der-landwirtschaft.de\/wp-content\/uploads\/2020\/05\/ENVISAGE-Flyer-2020-1_Seite_2-300x212.jpg\" alt=\"\" width=\"250\" height=\"177\" srcset=\"https:\/\/neophyten-in-der-landwirtschaft.de\/wp-content\/uploads\/2020\/05\/ENVISAGE-Flyer-2020-1_Seite_2-300x212.jpg 300w, https:\/\/neophyten-in-der-landwirtschaft.de\/wp-content\/uploads\/2020\/05\/ENVISAGE-Flyer-2020-1_Seite_2-1024x724.jpg 1024w, https:\/\/neophyten-in-der-landwirtschaft.de\/wp-content\/uploads\/2020\/05\/ENVISAGE-Flyer-2020-1_Seite_2-768x543.jpg 768w, https:\/\/neophyten-in-der-landwirtschaft.de\/wp-content\/uploads\/2020\/05\/ENVISAGE-Flyer-2020-1_Seite_2-1536x1086.jpg 1536w, https:\/\/neophyten-in-der-landwirtschaft.de\/wp-content\/uploads\/2020\/05\/ENVISAGE-Flyer-2020-1_Seite_2-2048x1447.jpg 2048w, https:\/\/neophyten-in-der-landwirtschaft.de\/wp-content\/uploads\/2020\/05\/ENVISAGE-Flyer-2020-1_Seite_2-150x106.jpg 150w\" sizes=\"(max-width: 250px) 100vw, 250px\" \/><\/a><\/p>\n<p>Die Ausbreitung invasiver Neophyten bedroht zunehmend die Produktivit\u00e4t landwirtschaftlich genutzter Fl\u00e4chen. Ziel des Projektes war daher die Schaffung verbesserter Grundlagen f\u00fcr eine effektive Kontrolle von invasiven Neophyten auf landwirtschaftlichen Nutzfl\u00e4chen.<br \/>\nDazu wurden von 2016 bis 2019 f\u00fcr 9 ausgew\u00e4hlte, landwirtschaftlich relevante, invasive Neophyten Methoden und Algorithmen zur Erfassung mittels Fernerkundung entwickelt und erprobt.<\/p>\n<ul>\n<li><a href=\"http:\/\/neophyten-in-der-landwirtschaft.de\/index.php\/barenklau-riesen\/\">Riesen-B\u00e4renklau (Heracleum mantegazzianum)<\/a><\/li>\n<li><a href=\"http:\/\/www.neophyten-in-der-landwirtschaft.de\/index.php\/neophyten\/staudenknoteriche\/\">Staudenkn\u00f6teriche (Fallopia spec.)<\/a><\/li>\n<li><a href=\"http:\/\/www.neophyten-in-der-landwirtschaft.de\/index.php\/neophyten\/zackenschotchen-orientalisches\/\">Orientalisches Zackensch\u00f6tchen (Bunias orientalis)<\/a><\/li>\n<li><a href=\"http:\/\/www.neophyten-in-der-landwirtschaft.de\/index.php\/neophyten\/olweide\/\">Schmalbl\u00e4ttrige \u00d6lweide (Elaeagnus angustifolia)<\/a><\/li>\n<li><a href=\"http:\/\/neophyten-in-der-landwirtschaft.de\/index.php\/ahorn-eschen\/\">Eschenahorn (Acer negundo)<\/a><\/li>\n<li><a href=\"http:\/\/www.neophyten-in-der-landwirtschaft.de\/index.php\/neophyten\/kugeldistel\/\">Dr\u00fcsenbl\u00e4ttrige Kugeldistel (Echinops sphaerocephalus)<\/a><\/li>\n<li><a href=\"http:\/\/www.neophyten-in-der-landwirtschaft.de\/index.php\/neophyten\/stechapfel\/\">Wei\u00dfer Stechapfel (Datura stramonium)<\/a><\/li>\n<li><a href=\"http:\/\/www.neophyten-in-der-landwirtschaft.de\/index.php\/neophyten\/samtpappel\/\">Samtpappel (Abutilon theophrasti)<\/a><\/li>\n<li><a href=\"http:\/\/www.neophyten-in-der-landwirtschaft.de\/index.php\/neophyten\/erdmandel\/\">Erdmandel (Cyperus esculentus)<\/a><\/li>\n<\/ul>\n<p>Gleichzeitig wurden integrierte Verfahren zur Regulierung dieser neun Arten erarbeitet, getestet und abschlie\u00dfend in Handlungsempfehlungen zusammengefasst, um sie auf Ackerfl\u00e4chen und Gr\u00fcnland im Rahmen der landwirtschaftlichen Nutzung zu kontrollieren.<br \/>\nAuf dieser Internetseite werden Informationen zu den untersuchten Arten sowie die Projektergebnisse zusammengef\u00fchrt und den potenziellen Nutzern zur Verf\u00fcgung gestellt.<\/p>\n<p><a href=\"http:\/\/neophyten-in-der-landwirtschaft.de\/index.php\/projektteam\/\">Projektteam<\/a><\/p>\n<p>HAASE, M., BIRGER, A., BIRGER, J. et al. (2018): Erfassung und Management invasiver Neophyten auf landwirtschaftlichen Nutzfl\u00e4chen zur Sicherung der Produktionsbedingungen. 28. Deutsche Arbeitsbesprechung \u00fcber Fragen der Unkrautbiologie und -bek\u00e4mpfung, 27.02. \u2013 01.03.2018 in Braunschweig. Julius-K\u00fchn-Archiv 458 S: 441-444. <a href=\"http:\/\/neophyten-in-der-landwirtschaft.de\/wp-content\/uploads\/2018\/11\/Haase-2018-Erfassung-und-Management-Julius-K\u00fchn-Archiv-.pdf\" target=\"_blank\" rel=\"noopener noreferrer\">pdf<\/a><\/p>\n","protected":false},"excerpt":{"rendered":"<p>Die Ausbreitung invasiver Neophyten bedroht zunehmend die Produktivit\u00e4t landwirtschaftlich genutzter Fl\u00e4chen. Ziel des Projektes war daher die Schaffung verbesserter Grundlagen f\u00fcr eine effektive Kontrolle von invasiven Neophyten auf landwirtschaftlichen Nutzfl\u00e4chen. Dazu wurden von 2016 bis 2019 f\u00fcr 9 ausgew\u00e4hlte, landwirtschaftlich relevante, invasive Neophyten Methoden und Algorithmen zur Erfassung mittels Fernerkundung\u2026<\/p>\n<p> <a class=\"continue-reading-link\" href=\"https:\/\/neophyten-in-der-landwirtschaft.de\/index.php\/projekt\/\"><span>Continue reading<\/span><i class=\"crycon-right-dir\"><\/i><\/a> <\/p>\n","protected":false},"author":1,"featured_media":0,"parent":0,"menu_order":0,"comment_status":"closed","ping_status":"closed","template":"","meta":{"ngg_post_thumbnail":0,"_monsterinsights_skip_tracking":false,"_monsterinsights_sitenote_active":false,"_monsterinsights_sitenote_note":"","_monsterinsights_sitenote_category":0},"_links":{"self":[{"href":"https:\/\/neophyten-in-der-landwirtschaft.de\/index.php\/wp-json\/wp\/v2\/pages\/63"}],"collection":[{"href":"https:\/\/neophyten-in-der-landwirtschaft.de\/index.php\/wp-json\/wp\/v2\/pages"}],"about":[{"href":"https:\/\/neophyten-in-der-landwirtschaft.de\/index.php\/wp-json\/wp\/v2\/types\/page"}],"author":[{"embeddable":true,"href":"https:\/\/neophyten-in-der-landwirtschaft.de\/index.php\/wp-json\/wp\/v2\/users\/1"}],"replies":[{"embeddable":true,"href":"https:\/\/neophyten-in-der-landwirtschaft.de\/index.php\/wp-json\/wp\/v2\/comments?post=63"}],"version-history":[{"count":15,"href":"https:\/\/neophyten-in-der-landwirtschaft.de\/index.php\/wp-json\/wp\/v2\/pages\/63\/revisions"}],"predecessor-version":[{"id":1313,"href":"https:\/\/neophyten-in-der-landwirtschaft.de\/index.php\/wp-json\/wp\/v2\/pages\/63\/revisions\/1313"}],"wp:attachment":[{"href":"https:\/\/neophyten-in-der-landwirtschaft.de\/index.php\/wp-json\/wp\/v2\/media?parent=63"}],"curies":[{"name":"wp","href":"https:\/\/api.w.org\/{rel}","templated":true}]}}