{"id":618,"date":"2017-04-11T13:48:47","date_gmt":"2017-04-11T13:48:47","guid":{"rendered":"http:\/\/neophyten-in-der-landwirtschaft.de\/?page_id=618"},"modified":"2017-04-11T15:15:56","modified_gmt":"2017-04-11T15:15:56","slug":"workshop-vom-neophytenfund-bis-zur-integrierten-bekampfung-akteure-und-ablaufe-in-sachsen-anhalt","status":"publish","type":"page","link":"https:\/\/neophyten-in-der-landwirtschaft.de\/index.php\/workshop-vom-neophytenfund-bis-zur-integrierten-bekampfung-akteure-und-ablaufe-in-sachsen-anhalt\/","title":{"rendered":"Workshop \u201cVom Neophytenfund bis zur integrierten Bek\u00e4mpfung \u2013 Akteure und Abl\u00e4ufe in Sachsen-Anhalt\u201d"},"content":{"rendered":"<p>Am 16.M\u00e4rz 2017 fand in den R\u00e4umen der Landesanstalt f\u00fcr Landwirtschaft und Gartenbau Sachsen-Anhalt der Workshop \u201cVom Neophytenfund bis zur integrierten Bek\u00e4mpfung \u2013 Akteure und Abl\u00e4ufe in Sachsen-Anhalt\u201d statt. Ziel des Workshop war es, am Beispiel von Sachsen-Anhalt herauszuarbeiten, welche Akteure sich mit der Bestimmung, Bewertung und Kontrolle von Neophyten befassen. Vertreter der Landesanstalt, der \u00c4mter f\u00fcr Landwirtschaft und Flurneuordnung, des Landesamtes f\u00fcr Umweltschutz, Landwirtschaftsberater und Landwirte haben mit den Mitarbeitern des ENVISAGE-Projektes dar\u00fcberhinaus \u00fcber die zuk\u00fcnftige Zusammenarbeit diskutiert.<\/p>\n<p><img decoding=\"async\" loading=\"lazy\" class=\"alignnone wp-image-632\" src=\"http:\/\/neophyten-in-der-landwirtschaft.de\/wp-content\/uploads\/2017\/04\/Programmflyer-Bernburg-Stand-14.3.2017-208x300.jpg\" width=\"900\" height=\"1300\" srcset=\"https:\/\/neophyten-in-der-landwirtschaft.de\/wp-content\/uploads\/2017\/04\/Programmflyer-Bernburg-Stand-14.3.2017-208x300.jpg 208w, https:\/\/neophyten-in-der-landwirtschaft.de\/wp-content\/uploads\/2017\/04\/Programmflyer-Bernburg-Stand-14.3.2017-768x1110.jpg 768w, https:\/\/neophyten-in-der-landwirtschaft.de\/wp-content\/uploads\/2017\/04\/Programmflyer-Bernburg-Stand-14.3.2017-709x1024.jpg 709w, https:\/\/neophyten-in-der-landwirtschaft.de\/wp-content\/uploads\/2017\/04\/Programmflyer-Bernburg-Stand-14.3.2017-104x150.jpg 104w, https:\/\/neophyten-in-der-landwirtschaft.de\/wp-content\/uploads\/2017\/04\/Programmflyer-Bernburg-Stand-14.3.2017.jpg 1500w\" sizes=\"(max-width: 900px) 100vw, 900px\" \/><\/p>\n<p><img decoding=\"async\" loading=\"lazy\" class=\"alignnone wp-image-620\" src=\"http:\/\/neophyten-in-der-landwirtschaft.de\/wp-content\/uploads\/2017\/04\/Workshop-ENVISAGE-Bernburg-16.3.2017-Katrin-Schneider-DSC_7390-x-300x169.jpg\" width=\"900\" height=\"506\" srcset=\"https:\/\/neophyten-in-der-landwirtschaft.de\/wp-content\/uploads\/2017\/04\/Workshop-ENVISAGE-Bernburg-16.3.2017-Katrin-Schneider-DSC_7390-x-300x169.jpg 300w, https:\/\/neophyten-in-der-landwirtschaft.de\/wp-content\/uploads\/2017\/04\/Workshop-ENVISAGE-Bernburg-16.3.2017-Katrin-Schneider-DSC_7390-x-768x432.jpg 768w, https:\/\/neophyten-in-der-landwirtschaft.de\/wp-content\/uploads\/2017\/04\/Workshop-ENVISAGE-Bernburg-16.3.2017-Katrin-Schneider-DSC_7390-x-1024x576.jpg 1024w, https:\/\/neophyten-in-der-landwirtschaft.de\/wp-content\/uploads\/2017\/04\/Workshop-ENVISAGE-Bernburg-16.3.2017-Katrin-Schneider-DSC_7390-x-250x141.jpg 250w, https:\/\/neophyten-in-der-landwirtschaft.de\/wp-content\/uploads\/2017\/04\/Workshop-ENVISAGE-Bernburg-16.3.2017-Katrin-Schneider-DSC_7390-x-150x84.jpg 150w, https:\/\/neophyten-in-der-landwirtschaft.de\/wp-content\/uploads\/2017\/04\/Workshop-ENVISAGE-Bernburg-16.3.2017-Katrin-Schneider-DSC_7390-x.jpg 2000w\" sizes=\"(max-width: 900px) 100vw, 900px\" \/><\/p>\n<h1>Vortr\u00e4ge<\/h1>\n<p>Haase, M. : <a href=\"http:\/\/85.214.43.90\/korina_wp\/wp-content\/uploads\/2017\/04\/Haase-2017-Einf\u00fchrung-in-das-ENVISAGE-Projekt-2017_03_15_Bernburg_ENVISAGE.pdf\">Einf\u00fchrung in das ENVISAGE-Projekt<\/a>. 30 S.<\/p>\n<p>Schneider, K.: <a href=\"http:\/\/85.214.43.90\/korina_wp\/wp-content\/uploads\/2017\/04\/Schneider-2016-Auswirkungen-der-untersuchten-Arten-ENVISAGE-15.3.2017.pdf\">Auswirkungen der untersuchten Neophyten auf landwirtschaftlichen Fl\u00e4chen<\/a>. 20 S.<\/p>\n<p>Birger , J.: <a href=\"http:\/\/85.214.43.90\/korina_wp\/wp-content\/uploads\/2017\/04\/Birger-2016-F\u00f6rderrelevante-und-finanzielle-Aspekte-ENVISAGE-15.3.2017.pdf\">F\u00f6rderrelevante und finanzielle Aspekte<\/a>. 8 S.<\/p>\n","protected":false},"excerpt":{"rendered":"<p>Am 16.M\u00e4rz 2017 fand in den R\u00e4umen der Landesanstalt f\u00fcr Landwirtschaft und Gartenbau Sachsen-Anhalt der Workshop \u201cVom Neophytenfund bis zur integrierten Bek\u00e4mpfung \u2013 Akteure und Abl\u00e4ufe in Sachsen-Anhalt\u201d statt. Ziel des Workshop war es, am Beispiel von Sachsen-Anhalt herauszuarbeiten, welche Akteure sich mit der Bestimmung, Bewertung und Kontrolle von Neophyten\u2026<\/p>\n<p> <a class=\"continue-reading-link\" href=\"https:\/\/neophyten-in-der-landwirtschaft.de\/index.php\/workshop-vom-neophytenfund-bis-zur-integrierten-bekampfung-akteure-und-ablaufe-in-sachsen-anhalt\/\"><span>Continue reading<\/span><i class=\"crycon-right-dir\"><\/i><\/a> <\/p>\n","protected":false},"author":2,"featured_media":0,"parent":0,"menu_order":0,"comment_status":"closed","ping_status":"closed","template":"","meta":{"ngg_post_thumbnail":0,"_monsterinsights_skip_tracking":false,"_monsterinsights_sitenote_active":false,"_monsterinsights_sitenote_note":"","_monsterinsights_sitenote_category":0},"_links":{"self":[{"href":"https:\/\/neophyten-in-der-landwirtschaft.de\/index.php\/wp-json\/wp\/v2\/pages\/618"}],"collection":[{"href":"https:\/\/neophyten-in-der-landwirtschaft.de\/index.php\/wp-json\/wp\/v2\/pages"}],"about":[{"href":"https:\/\/neophyten-in-der-landwirtschaft.de\/index.php\/wp-json\/wp\/v2\/types\/page"}],"author":[{"embeddable":true,"href":"https:\/\/neophyten-in-der-landwirtschaft.de\/index.php\/wp-json\/wp\/v2\/users\/2"}],"replies":[{"embeddable":true,"href":"https:\/\/neophyten-in-der-landwirtschaft.de\/index.php\/wp-json\/wp\/v2\/comments?post=618"}],"version-history":[{"count":8,"href":"https:\/\/neophyten-in-der-landwirtschaft.de\/index.php\/wp-json\/wp\/v2\/pages\/618\/revisions"}],"predecessor-version":[{"id":635,"href":"https:\/\/neophyten-in-der-landwirtschaft.de\/index.php\/wp-json\/wp\/v2\/pages\/618\/revisions\/635"}],"wp:attachment":[{"href":"https:\/\/neophyten-in-der-landwirtschaft.de\/index.php\/wp-json\/wp\/v2\/media?parent=618"}],"curies":[{"name":"wp","href":"https:\/\/api.w.org\/{rel}","templated":true}]}}