{"id":574,"date":"2017-03-13T15:17:17","date_gmt":"2017-03-13T15:17:17","guid":{"rendered":"http:\/\/neophyten-in-der-landwirtschaft.de\/?page_id=574"},"modified":"2020-05-19T14:00:50","modified_gmt":"2020-05-19T14:00:50","slug":"workshop-masnahmen-zur-kontrolle-von-neophyten-auf-landwirtschaftlichen-nutzflachen","status":"publish","type":"page","link":"https:\/\/neophyten-in-der-landwirtschaft.de\/index.php\/projekt\/workshops\/workshop-masnahmen-zur-kontrolle-von-neophyten-auf-landwirtschaftlichen-nutzflachen\/","title":{"rendered":"Workshop &#8220;Ma\u00dfnahmen zur Kontrolle von Neophyten auf landwirtschaftlichen Nutzfl\u00e4chen&#8221;"},"content":{"rendered":"<p>Am 9. M\u00e4rz 2017 fand der erste Workshop im Rahmen des ENVISAGE-Projektes statt. Im Julius K\u00fchn-Institut Braunschweig stellten Experten ihre Erfahrungen zur Kontrolle der untersuchten Arten vor. Anschlie\u00dfend diskutierten die Workshopteilnehmer \u00fcber die geplanten Managementtests.<\/p>\n<p><a href=\"http:\/\/neophyten-in-der-landwirtschaft.de\/wp-content\/uploads\/2017\/02\/Programmflyer-Workshop-ENVISAGE-Braunschweig.pdf\">&nbsp;<\/a><a href=\"http:\/\/neophyten-in-der-landwirtschaft.de\/wp-content\/uploads\/2017\/02\/Programmflyer-Workshop-ENVISAGE-Braunschweig.pdf\"><img decoding=\"async\" loading=\"lazy\" class=\"alignnone wp-image-589 size-medium\" src=\"http:\/\/neophyten-in-der-landwirtschaft.de\/wp-content\/uploads\/2017\/03\/Programmflyer-Workshop-ENVISAGE-Braunschweig_Seite_2-208x300.jpg\" alt=\"\" width=\"208\" height=\"300\" srcset=\"https:\/\/neophyten-in-der-landwirtschaft.de\/wp-content\/uploads\/2017\/03\/Programmflyer-Workshop-ENVISAGE-Braunschweig_Seite_2-208x300.jpg 208w, https:\/\/neophyten-in-der-landwirtschaft.de\/wp-content\/uploads\/2017\/03\/Programmflyer-Workshop-ENVISAGE-Braunschweig_Seite_2-768x1110.jpg 768w, https:\/\/neophyten-in-der-landwirtschaft.de\/wp-content\/uploads\/2017\/03\/Programmflyer-Workshop-ENVISAGE-Braunschweig_Seite_2-709x1024.jpg 709w, https:\/\/neophyten-in-der-landwirtschaft.de\/wp-content\/uploads\/2017\/03\/Programmflyer-Workshop-ENVISAGE-Braunschweig_Seite_2-104x150.jpg 104w, https:\/\/neophyten-in-der-landwirtschaft.de\/wp-content\/uploads\/2017\/03\/Programmflyer-Workshop-ENVISAGE-Braunschweig_Seite_2.jpg 1500w\" sizes=\"(max-width: 208px) 100vw, 208px\" \/><\/a><a href=\"http:\/\/neophyten-in-der-landwirtschaft.de\/wp-content\/uploads\/2017\/02\/Programmflyer-Workshop-ENVISAGE-Braunschweig.pdf\">&nbsp;&nbsp;&nbsp;&nbsp;&nbsp; <\/a><a href=\"http:\/\/neophyten-in-der-landwirtschaft.de\/wp-content\/uploads\/2017\/02\/Programmflyer-Workshop-ENVISAGE-Braunschweig.pdf\"><img decoding=\"async\" loading=\"lazy\" class=\"alignnone wp-image-590 size-medium\" src=\"http:\/\/neophyten-in-der-landwirtschaft.de\/wp-content\/uploads\/2017\/03\/Programmflyer-Workshop-ENVISAGE-Braunschweig_Seite_1-208x300.jpg\" alt=\"\" width=\"208\" height=\"300\" srcset=\"https:\/\/neophyten-in-der-landwirtschaft.de\/wp-content\/uploads\/2017\/03\/Programmflyer-Workshop-ENVISAGE-Braunschweig_Seite_1-208x300.jpg 208w, https:\/\/neophyten-in-der-landwirtschaft.de\/wp-content\/uploads\/2017\/03\/Programmflyer-Workshop-ENVISAGE-Braunschweig_Seite_1-768x1110.jpg 768w, https:\/\/neophyten-in-der-landwirtschaft.de\/wp-content\/uploads\/2017\/03\/Programmflyer-Workshop-ENVISAGE-Braunschweig_Seite_1-709x1024.jpg 709w, https:\/\/neophyten-in-der-landwirtschaft.de\/wp-content\/uploads\/2017\/03\/Programmflyer-Workshop-ENVISAGE-Braunschweig_Seite_1-104x150.jpg 104w, https:\/\/neophyten-in-der-landwirtschaft.de\/wp-content\/uploads\/2017\/03\/Programmflyer-Workshop-ENVISAGE-Braunschweig_Seite_1.jpg 1500w\" sizes=\"(max-width: 208px) 100vw, 208px\" \/><\/a><\/p>\n<p><a href=\"http:\/\/neophyten-in-der-landwirtschaft.de\/wp-content\/uploads\/2017\/02\/Programmflyer-Workshop-ENVISAGE-Braunschweig.pdf\"> Programmflyer Workshop ENVISAGE Braunschweig als PDF<\/a><\/p>\n<p><img decoding=\"async\" loading=\"lazy\" class=\"alignnone wp-image-591\" src=\"http:\/\/neophyten-in-der-landwirtschaft.de\/wp-content\/uploads\/2017\/03\/Workshop-ENVISAGE-Braunschweig-9.3.2017-Katrin-Schneider-DSC_7327-cx--300x200.jpg\" width=\"900\" height=\"600\" srcset=\"https:\/\/neophyten-in-der-landwirtschaft.de\/wp-content\/uploads\/2017\/03\/Workshop-ENVISAGE-Braunschweig-9.3.2017-Katrin-Schneider-DSC_7327-cx--300x200.jpg 300w, https:\/\/neophyten-in-der-landwirtschaft.de\/wp-content\/uploads\/2017\/03\/Workshop-ENVISAGE-Braunschweig-9.3.2017-Katrin-Schneider-DSC_7327-cx--768x512.jpg 768w, https:\/\/neophyten-in-der-landwirtschaft.de\/wp-content\/uploads\/2017\/03\/Workshop-ENVISAGE-Braunschweig-9.3.2017-Katrin-Schneider-DSC_7327-cx-.jpg 1024w, https:\/\/neophyten-in-der-landwirtschaft.de\/wp-content\/uploads\/2017\/03\/Workshop-ENVISAGE-Braunschweig-9.3.2017-Katrin-Schneider-DSC_7327-cx--225x150.jpg 225w, https:\/\/neophyten-in-der-landwirtschaft.de\/wp-content\/uploads\/2017\/03\/Workshop-ENVISAGE-Braunschweig-9.3.2017-Katrin-Schneider-DSC_7327-cx--150x100.jpg 150w\" sizes=\"(max-width: 900px) 100vw, 900px\" \/><\/p>\n<h1><strong>Vortr\u00e4ge<\/strong><\/h1>\n<p>HAASE, M: <a href=\"http:\/\/neophyten-in-der-landwirtschaft.de\/wp-content\/uploads\/2017\/03\/Haase-2017-Vorstellung-Projekt-ENVISAGE.pdf\">Einf\u00fchrung in das ENVISAGE-Projekt<\/a>. 11 S.<\/p>\n<p>BOHREN, C. &amp; J. WIRTH: <a href=\"http:\/\/neophyten-in-der-landwirtschaft.de\/wp-content\/uploads\/2018\/05\/Bohren-2017-Erdmandelgras-Erfahrungen-und-Anforderung.pdf\">Erdmandelgras: Herausforderung f\u00fcr Forschung und Praxis<\/a> 23 S.<\/p>\n<p>KELLER, H.: <a href=\"http:\/\/neophyten-in-der-landwirtschaft.de\/wp-content\/uploads\/2018\/05\/Keller-2017-Erfahrungsbericht-zur-Bek\u00e4mpfung-von-Staudenkn\u00f6terichen.pdf\">Erfahrungsbericht zur Bek\u00e4mpfung von Staudenkn\u00f6terichen und weiteren invasiven Neophyten.<\/a> 36 S.<\/p>\n<p>MEINLSCHMIDT, E.: <a href=\"http:\/\/neophyten-in-der-landwirtschaft.de\/wp-content\/uploads\/2018\/05\/Meinlschmidt-2017-Samtpappel_Stechapfel_09_M\u00e4rz_-2017.pdf\">Ergebnisse der Bek\u00e4mpfung von Samtpappel und Stechapfel auf landwirtschaftlichen Fl\u00e4chen in Sachsen<\/a>. 22 S.<\/p>\n<p>SEIBT, G. (2017): <a href=\"http:\/\/neophyten-in-der-landwirtschaft.de\/wp-content\/uploads\/2018\/05\/Seibt-2017-Beginn-der-Keimf\u00e4higkeit-von-Bunias-orientalis.pdf\">Der Beginn der Keimf\u00e4higkeit von Bunias orientalis Samen als Kriterium f\u00fcr eine zeitgerechte Mahd zur Ausbreitungsverhinderung<\/a>. 2 S.<\/p>\n<p>SEIBT, G. (2017): <a href=\"http:\/\/neophyten-in-der-landwirtschaft.de\/wp-content\/uploads\/2018\/05\/Seibt-2017-Untersuchung-der-Effektivit\u00e4t-mech-Bek\u00e4mpfung-Kugeldistel.pdf\">Untersuchung der Effektivit\u00e4t der mechanischen Bek\u00e4mpfung der Dr\u00fcsigen Kugeldistel (Echinops sphaerocephalus)<\/a>. 3 S.<\/p>\n<p>SEIBT, G. (2017): <a href=\"http:\/\/neophyten-in-der-landwirtschaft.de\/wp-content\/uploads\/2018\/05\/Seibt-2017-Effektivit\u00e4t-der-mech-Bek\u00e4mpfung-Bunias-orientalis.pdf\">Untersuchung der Effektivit\u00e4t der mechanischen Bek\u00e4mpfung vom Orientalischen Zackensch\u00f6tchen (Bunias orientalis)<\/a>. 3 S.<\/p>\n<p>SEIBT, G. (2017):<a href=\"http:\/\/neophyten-in-der-landwirtschaft.de\/wp-content\/uploads\/2018\/05\/Seibt-2017-Untersuchung-der-Effektivit\u00e4t-der-mechanischen-Bek\u00e4mpfung-von-Staudenkn\u00f6terich.pdf\"> Untersuchung der Effektivit\u00e4t der mechanischen Bek\u00e4mpfung von Staudenkn\u00f6terich<\/a>. 3 S.<\/p>\n<p>BIRGER, A.: <a href=\"http:\/\/neophyten-in-der-landwirtschaft.de\/wp-content\/uploads\/2018\/05\/Birger-2017-Bisherige-Erfahrungen-zur-Kontrolle-der-\u00d6lweide-und-der-Kugeldistel-in-Sachsen-Anhalt.pdf\">&#8220;Bisherige Erfahrungen zur Kontrolle der \u00d6lweide und der Kugeldistel in Sachsen-Anhalt&#8221;<\/a> 26 S.<\/p>\n<p>BIRGER, J.: <a href=\"http:\/\/neophyten-in-der-landwirtschaft.de\/wp-content\/uploads\/2017\/03\/Birger-2017-Nutzung-von-Fernerkundung-ENVISAGE.pdf\">&#8220;Nutzung von Fernerkundung zur Erfassung von Neophyten auf landwirtschaftlichen Fl\u00e4chen&#8221;<\/a>&nbsp; 27 S.<\/p>\n","protected":false},"excerpt":{"rendered":"<p>Am 9. M\u00e4rz 2017 fand der erste Workshop im Rahmen des ENVISAGE-Projektes statt. Im Julius K\u00fchn-Institut Braunschweig stellten Experten ihre Erfahrungen zur Kontrolle der untersuchten Arten vor. Anschlie\u00dfend diskutierten die Workshopteilnehmer \u00fcber die geplanten Managementtests. &nbsp;&nbsp;&nbsp;&nbsp;&nbsp;&nbsp; Programmflyer Workshop ENVISAGE Braunschweig als PDF Vortr\u00e4ge HAASE, M: Einf\u00fchrung in das ENVISAGE-Projekt. 11\u2026<\/p>\n<p> <a class=\"continue-reading-link\" href=\"https:\/\/neophyten-in-der-landwirtschaft.de\/index.php\/projekt\/workshops\/workshop-masnahmen-zur-kontrolle-von-neophyten-auf-landwirtschaftlichen-nutzflachen\/\"><span>Continue reading<\/span><i class=\"crycon-right-dir\"><\/i><\/a> <\/p>\n","protected":false},"author":2,"featured_media":0,"parent":578,"menu_order":0,"comment_status":"closed","ping_status":"closed","template":"","meta":{"ngg_post_thumbnail":0,"_monsterinsights_skip_tracking":false,"_monsterinsights_sitenote_active":false,"_monsterinsights_sitenote_note":"","_monsterinsights_sitenote_category":0},"_links":{"self":[{"href":"https:\/\/neophyten-in-der-landwirtschaft.de\/index.php\/wp-json\/wp\/v2\/pages\/574"}],"collection":[{"href":"https:\/\/neophyten-in-der-landwirtschaft.de\/index.php\/wp-json\/wp\/v2\/pages"}],"about":[{"href":"https:\/\/neophyten-in-der-landwirtschaft.de\/index.php\/wp-json\/wp\/v2\/types\/page"}],"author":[{"embeddable":true,"href":"https:\/\/neophyten-in-der-landwirtschaft.de\/index.php\/wp-json\/wp\/v2\/users\/2"}],"replies":[{"embeddable":true,"href":"https:\/\/neophyten-in-der-landwirtschaft.de\/index.php\/wp-json\/wp\/v2\/comments?post=574"}],"version-history":[{"count":20,"href":"https:\/\/neophyten-in-der-landwirtschaft.de\/index.php\/wp-json\/wp\/v2\/pages\/574\/revisions"}],"predecessor-version":[{"id":1326,"href":"https:\/\/neophyten-in-der-landwirtschaft.de\/index.php\/wp-json\/wp\/v2\/pages\/574\/revisions\/1326"}],"up":[{"embeddable":true,"href":"https:\/\/neophyten-in-der-landwirtschaft.de\/index.php\/wp-json\/wp\/v2\/pages\/578"}],"wp:attachment":[{"href":"https:\/\/neophyten-in-der-landwirtschaft.de\/index.php\/wp-json\/wp\/v2\/media?parent=574"}],"curies":[{"name":"wp","href":"https:\/\/api.w.org\/{rel}","templated":true}]}}