{"id":55,"date":"2017-01-20T19:51:59","date_gmt":"2017-01-20T19:51:59","guid":{"rendered":"http:\/\/217.16.166.82\/envisage\/wordpress\/?page_id=55"},"modified":"2018-05-09T10:56:32","modified_gmt":"2018-05-09T10:56:32","slug":"umgeodat","status":"publish","type":"page","link":"https:\/\/neophyten-in-der-landwirtschaft.de\/index.php\/umgeodat\/","title":{"rendered":"UMGEODAT"},"content":{"rendered":"<p>Dr. Antje Birger, Dr. Jens Birger und Florian Th\u00fcrkow<br \/>\nUmwelt- und GeodatenManagement GbR<br \/>\nMansfelder Stra\u00dfe 56<br \/>\n06108 Halle (Saale)<br \/>\n0345 \u2013 471 02 830<br \/>\nE-Mail: info (at) umgeodat.de<br \/>\nwww.umgeodat.de<\/p>\n<div class=\"osc-res-tab tabbable   osc-tabs-left\"><div style=\"clear:both;width: 100%;\"><ul class=\"nav osc-res-nav nav-tabs osc-tabs-left-ul\" id=\"oscitas-restabs-1-umgeodat-22459\"><li class=\"active\"><a href=\"#ert_pane1-0\" data-toggle=\"tab\">Aufgaben im Projekt<\/a><\/li><li class=\"\"><a href=\"#ert_pane1-1\" data-toggle=\"tab\">Wir \u00fcber uns<\/a><\/li><li class=\"\"><a href=\"#ert_pane1-2\" data-toggle=\"tab\">Publikationen<\/a><\/li><\/ul><\/div><div style=\"clear:both;width: 100%;\"><ul class=\"tab-content\" id=\"oscitas-restabcontent-1-umgeodat-22459\"><li class=\"tab-pane active\" id=\"ert_pane1-0\">Die Arbeitsaufgaben der UMGEODAT GbR sind die Entwicklung, Erprobung und Anpassung des Tools zur Detektion der Neophyten inklusive der daf\u00fcr erforderlichen Suche, Festlegung und vegetationskundlichen Erfassung von Trainings- und Kontrollfl\u00e4chen. Anschlie\u00dfend erfolgt eine modellhafte Anwendung in ausgew\u00e4hlten Gro\u00dflandschaften Deutschlands zur Verifizierung der Algorithmen.<br \/>\nZudem wird unter Mitarbeit aller beteiligten Projektpartner ein Web-Portal mit integriertem Geodatenviewer konzipiert und seitens der Firma UMGEODAT GbR programmiertechnisch umgesetzt. UMGEODAT ist ferner f\u00fcr die Herstellung der erforderlichen Schnittstellen sowie f\u00fcr die technische Integration der verschiedenen Daten (insbes. Fundpunkte der betrachteten invasiven Neophyten) zust\u00e4ndig.<\/li><li class=\"tab-pane \" id=\"ert_pane1-1\"><\/p>\n<p>Die Firma UMGEODAT GbR verf\u00fcgt \u00fcber einschl\u00e4gige und langj\u00e4hrige Erfahrungen bei der Erfassung, Differenzierung, Auswertung, Interpretation und Ver\u00e4nderungsanalyse von Vegetationsstrukturen mittels Fernerkundungsdaten unterschiedlicher Herkunft (Flugzeug- und Satellitenebene, r\u00e4umliche und zeitliche Aufl\u00f6sung).<\/p>\n<p>In zahlreichen Projekten mit Forschungspartnern (u. a. Martin-Luther Universit\u00e4t Halle \u2013Wittenberg, Institut f\u00fcr Geowissenschaften und Geographie) wurden Daten folgender Sensoren bearbeitet und ausgewertet: LANDSAT TM, SPOT 4, IRS-1C, ASTER, RapidEye, WorldView02, QuickBird02, CASI, DAIS, HYMAP, HRSC-AX. So wurden 2012 und 2013 aktuelle WorldView02-Daten der Oranienbaumer Heide und digitale Orthophotos der Gl\u00fccksburger Heide im Land Sachsen-Anhalt ausgewertet, um Vegetationseinheiten und \u2013strukturen f\u00fcr die DBU Naturerbe GmbH durch objektbasierte Klassifikation zu erfassen.<\/p>\n<p>Durch die Mitarbeit als Industriepartner des Institutes f\u00fcr Geowissenschaften der Martin-Luther Universit\u00e4t Halle \u2013Wittenberg im DeCover 2, welches aus Mitteln des Bundesministeriums f\u00fcr Wirtschaft und Technologie gef\u00f6rdert wurde, wurden Teilleistungen f\u00fcr die Validierung des Geodatenportals und der Fernerkundungsprodukte erbracht. Durch die Kontrolle der Daten nach den Gesichtspunkten der INSPIRE-Richtlinie liegen ebenfalls Erfahrungen zur Bereitstellung vereinheitlichter Geodaten f\u00fcr die unterschiedlichen Ebenen der Verwaltungsstrukturen vor.<br \/>\nIm Forschungsprojekt mit KORINA, der Koordinationsstelle invasive Neophyten in Schutzgebieten Sachsen-Anhalts, wurde im Jahr 2014 die Detektierbarkeit forstwirtschaftlich bedeutsamer Neophyten (Rot-Esche, Rot-Eiche) aus WorldView02 und QuickBird02-Daten sowie Luftbilddatens\u00e4tzen getestet. Dabei kamen segmentbasierte Klassifikationsverfahren zur Anwendung. Die Auswertungen erfolgten insbesondere mit den Softwarepaketen Erdas Imagine, Envi und eCognition.<\/p>\n<p><\/li><li class=\"tab-pane \" id=\"ert_pane1-2\">M\u00d6LLER M., BIRGER J., GIDUDU, A. &amp; C. GL\u00c4\u00dfER (2013): A framework for the geometric<br \/>\naccuracy assessment of classified objects, International Journal of Remote Sensing, 34:24, 8685-8698.<\/p>\n<p>M\u00d6LLER, M., GL\u00c4\u00dfER, C. &amp; BIRGER, J. (2011): Automatic interpolation of phenological phases in Germany. MultiTemp2011, 6th International Workshop on the Analysis of Multi-temporal Remote Sensing Images, 12-14 July 2011, Trento \u2013 Italy<\/p>\n<p>M\u00d6LLER, M., BIRGER, J. &amp; GL\u00c4\u00dfER, C. (2011): An Approach for automatic real-time<br \/>\ninterpolation of phonological phases. in: Victoria Lenz-Wiedemann and Georg Bareth (eds.) (2011): Proceedings of the ISPRS WG VII\/5 Workshop, 18.-19.11.2011, Cologne.<\/p>\n<p>M\u00d6LLER, M., BIRGER, J.,GL\u00c4\u00dfER, C. &amp; BUCK, O. (2011): Spezifikation ph\u00e4nologischer<br \/>\nAufnahmezeitpunkte in Deutschland. DGPF Tagungsband 20 \/ 2011<\/p>\n<p>BIRGER, J. (2002): Multisensorale und multitemporale Fernerkundungsdaten zur Erfassung,<br \/>\nDifferenzierung und Ver\u00e4nderungsanalyse ausgew\u00e4hlter Vegetationsstrukturen der<br \/>\nBergbaufolgelandschaft Mitteldeutschlands. Online-Dissertationen der Universit\u00e4t Halle-Wittenberg an der Universit\u00e4ts- und Landesbibliothek Sachsen-Anhalt. <a href=\"https:\/\/sundoc.bibliothek.uni-halle.de\/diss-online\/02\/03H016\/of_index.htm\">&gt;&gt;<\/a><\/p>\n<p>BIRGER, J. &amp; S. TISCHEW, (2001): Monitoring von naturschutzrelevanten Fl\u00e4chen in der<br \/>\nBergbaufolgelandschaft Mitteldeutschlands mittels Fernerkundungsmethoden. In:<br \/>\nBundesamt f\u00fcr Naturschutz [Hrsg.]: Naturschutz und Fernerkundung. BfN-Scripte 42, S. 85-93.<\/p>\n<p>GL\u00c4\u00dfER, C., BIRGER, J. &amp; B. HERRMANN (1999): Integrated monitoring and managementsystem of lignite opencast mines using multiple remote sensing data and GIS. In: Nieuwenhuis,G. et al. (Ed.): Operational remote Sensing for suistanable development. Balkema, Rotterdam, 439-444.<\/p>\n<p>&nbsp;<\/p>\n<p>&nbsp;<\/p>\n<p>&nbsp;<\/p>\n<p><\/li><\/ul><\/div><\/div>\n","protected":false},"excerpt":{"rendered":"<p>Dr. Antje Birger, Dr. Jens Birger und Florian Th\u00fcrkow Umwelt- und GeodatenManagement GbR Mansfelder Stra\u00dfe 56 06108 Halle (Saale) 0345 \u2013 471 02 830 E-Mail: info (at) umgeodat.de www.umgeodat.de<\/p>\n<p> <a class=\"continue-reading-link\" href=\"https:\/\/neophyten-in-der-landwirtschaft.de\/index.php\/umgeodat\/\"><span>Continue reading<\/span><i class=\"crycon-right-dir\"><\/i><\/a> <\/p>\n","protected":false},"author":1,"featured_media":0,"parent":0,"menu_order":0,"comment_status":"closed","ping_status":"closed","template":"","meta":{"ngg_post_thumbnail":0,"_monsterinsights_skip_tracking":false,"_monsterinsights_sitenote_active":false,"_monsterinsights_sitenote_note":"","_monsterinsights_sitenote_category":0},"_links":{"self":[{"href":"https:\/\/neophyten-in-der-landwirtschaft.de\/index.php\/wp-json\/wp\/v2\/pages\/55"}],"collection":[{"href":"https:\/\/neophyten-in-der-landwirtschaft.de\/index.php\/wp-json\/wp\/v2\/pages"}],"about":[{"href":"https:\/\/neophyten-in-der-landwirtschaft.de\/index.php\/wp-json\/wp\/v2\/types\/page"}],"author":[{"embeddable":true,"href":"https:\/\/neophyten-in-der-landwirtschaft.de\/index.php\/wp-json\/wp\/v2\/users\/1"}],"replies":[{"embeddable":true,"href":"https:\/\/neophyten-in-der-landwirtschaft.de\/index.php\/wp-json\/wp\/v2\/comments?post=55"}],"version-history":[{"count":3,"href":"https:\/\/neophyten-in-der-landwirtschaft.de\/index.php\/wp-json\/wp\/v2\/pages\/55\/revisions"}],"predecessor-version":[{"id":875,"href":"https:\/\/neophyten-in-der-landwirtschaft.de\/index.php\/wp-json\/wp\/v2\/pages\/55\/revisions\/875"}],"wp:attachment":[{"href":"https:\/\/neophyten-in-der-landwirtschaft.de\/index.php\/wp-json\/wp\/v2\/media?parent=55"}],"curies":[{"name":"wp","href":"https:\/\/api.w.org\/{rel}","templated":true}]}}