{"id":48,"date":"2017-01-20T18:59:05","date_gmt":"2017-01-20T18:59:05","guid":{"rendered":"http:\/\/217.16.166.82\/envisage\/wordpress\/?page_id=48"},"modified":"2021-09-08T10:33:51","modified_gmt":"2021-09-08T10:33:51","slug":"lpv-grune-umwelt","status":"publish","type":"page","link":"https:\/\/neophyten-in-der-landwirtschaft.de\/index.php\/lpv-grune-umwelt\/","title":{"rendered":"LPV \u201cGr\u00fcne Umwelt\u201d"},"content":{"rendered":"<p>Matthias Haase<br \/>\nIrene Hoppe<br \/>\nSascha Ritter<\/p>\n<p>Landschaftspflegeverband \u201eGr\u00fcne Umwelt\u201c e.V.<br \/>\nAm Anger 4a<br \/>\n39171 S\u00fclzetal \/OT Schwaneberg<br \/>\nTel.: 039 205 \/ 23 770<br \/>\nFax: 039 205 \/ 80 230<br \/>\nE-Mail: info(at)lpv-grueneumwelt.de<br \/>\nwww.lpv-grueneumwelt.de<\/p>\n<div class=\"osc-res-tab tabbable   osc-tabs-left\"><div style=\"clear:both;width: 100%;\"><ul class=\"nav osc-res-nav nav-tabs osc-tabs-left-ul\" id=\"oscitas-restabs-1-lpv-grune-umwelt-91035\"><li class=\"active\"><a href=\"#ert_pane1-0\" data-toggle=\"tab\">Aufgaben im Projekt<\/a><\/li><li class=\"\"><a href=\"#ert_pane1-1\" data-toggle=\"tab\">Wir \u00fcber uns<\/a><\/li><li class=\"\"><a href=\"#ert_pane1-2\" data-toggle=\"tab\">Referenzen<\/a><\/li><\/ul><\/div><div style=\"clear:both;width: 100%;\"><ul class=\"tab-content\" id=\"oscitas-restabcontent-1-lpv-grune-umwelt-91035\"><li class=\"tab-pane active\" id=\"ert_pane1-0\">Beim Landschaftspflegeverband sind die praktischen Arbeiten zum Neophytenmanagement im Feldversuch, die Integration der Bek\u00e4mpfung in die landwirtschaftliche Nutzung sowie die Erfassung und Bewertung des Aufwands im Zusammenhang mit der Zur\u00fcckdr\u00e4ngung invasiver Neophyten angesiedelt. Die Ergebnisse der Ma\u00dfnahmen zum Neophytenmanagement und der Aufwandsermittlung werden unter Ber\u00fccksichtigung l\u00e4nderspezifischer Rahmenbedingungen zu Handlungsempfehlungen zusammengefasst. Der Landschaftspflegeverband \u00fcbernimmt die Projektleitung und koordiniert Zusammenarbeit im Innen- und Au\u00dfenverh\u00e4ltnis.<\/li><li class=\"tab-pane \" id=\"ert_pane1-1\">Der Landschaftspflegeverband \u201cGr\u00fcne Umwelt\u201d e. V. bearbeitet unterschiedliche, praxisnahe Fragen der Landbewirtschaftung und Landschaftspflege einschlie\u00dflich ihrer Wirkungen auf den Naturhaushalt.<\/p>\n<p>Mit dem steigenden Einfluss von invasiven Neophyten im Wirkungsbereich des LPV wurde dieses Thema seit 2010 ein Schwerpunkt mehrerer Projekte. Dabei wurden verschiedene Verfahren zum Neophytenmanagement in der praktischen Anwendung und unter Ber\u00fccksichtigung verschiedener Standortvoraussetzungen erprobt (z. B. im Projekt Salzstellen bei S\u00fclldorf).<\/p>\n<p>Zu mehreren Arten und unterschiedlichen Methoden der mechanischen, biologischen und chemischen Bek\u00e4mpfung invasiver Neophyten liegen praktische Erfahrungen vor.<br \/>\nDie Mitarbeit mehrerer Landwirte im Verband und gute Kontakte zum landwirtschaftlichen Berufsstand bilden die Grundlage f\u00fcr die Realisierung eines integrierten Neophytenmanagements \u2013 eingebettet in landwirtschaftliche Produktionsabl\u00e4ufe.<\/p>\n<p><\/li><li class=\"tab-pane \" id=\"ert_pane1-2\"><strong>Projekte:<\/strong><br \/>\nProjekt Salzstellen bei S\u00fclldorf (2011-2014): Schutz und Entwicklung priorit\u00e4r zu erhaltender Lebensraumtypen nach FFH-Richtlinie in Zusammenarbeit mit Landwirtschaftsbetrieben. Ein Projektschwerpunkt lag im Management invasiver Neophyten einschlie\u00dflich derer praktischer Bek\u00e4mpfung auf landwirtschaftlichen Nutzfl\u00e4chen und in Randbereichen.<\/p>\n<p>Schutz und Entwicklung des Rotmilanbestands im Bereich der Magdeburger B\u00f6rde, dem n\u00f6rdlichen und nord\u00f6stlichen Harzvorland sowie der Bodeniederung (2009-2014): Artenschutzprojekt mit Erfassung und Auswertung landwirtschaftlicher Nutzungsstrukturen. Einzelaspekt Bearbeitung lokaler Neophytenvorkommen.<\/p>\n<p>Landschaftspflege mit Schafen (2004-2007): Biotoptypengerechte Bewirtschaftung von landwirtschaftlichen Nutzfl\u00e4chen, darunter neophytenbeeintr\u00e4chtigte Bereiche.<\/p>\n<p>Bewahrung und Wiederherstellung der biologischen Vielfalt im EU-SPA Hakel unter besonderer Ber\u00fccksichtigung des Greifvogelbestandes und der landwirtschaftlichen Bewirtschaftung mit ihrer agrarwirtschaftlichen Neuorientierung (2002-2007)<\/p>\n<p><strong>Vortr\u00e4ge:<\/strong><br \/>\nBOHNER, C. (2012): Heracleum mantegazzianum \u2013 Bek\u00e4mpfung im Natura 2000 Gebiet \u201cSalzstellen bei S\u00fclldorf\u201d. Powerpoint-Pr\u00e4sentation. Landschaftspflegeverband \u201cGr\u00fcne Umwelt\u201d pdf 3,1MB<\/p>\n<p>Haase, M. (2021): Bek\u00e4mpfung von Riesen-B\u00e4renklau &#8211; praktische Erfahrungen. Powerpoint-Pr\u00e4sentation. 17 S. Landschaftspflegeverband &#8220;Gr\u00fcne Umwelt&#8221; e. V. <a href=\"http:\/\/neophyten-in-der-landwirtschaft.de\/wp-content\/uploads\/2021\/09\/Haase-2021-Bek\u00e4mpfung-Riesen-B\u00e4renklau.pdf\" target=\"_blank\" rel=\"noopener noreferrer\">pdf<\/a> 2,7 MB<\/p>\n<p><\/li><\/ul><\/div><\/div>\n<p>&nbsp;<\/p>\n","protected":false},"excerpt":{"rendered":"<p>Matthias Haase Irene Hoppe Sascha Ritter Landschaftspflegeverband \u201eGr\u00fcne Umwelt\u201c e.V. Am Anger 4a 39171 S\u00fclzetal \/OT Schwaneberg Tel.: 039 205 \/ 23 770 Fax: 039 205 \/ 80 230 E-Mail: info(at)lpv-grueneumwelt.de www.lpv-grueneumwelt.de &nbsp;<\/p>\n<p> <a class=\"continue-reading-link\" href=\"https:\/\/neophyten-in-der-landwirtschaft.de\/index.php\/lpv-grune-umwelt\/\"><span>Continue reading<\/span><i class=\"crycon-right-dir\"><\/i><\/a> <\/p>\n","protected":false},"author":1,"featured_media":0,"parent":0,"menu_order":0,"comment_status":"closed","ping_status":"closed","template":"","meta":{"ngg_post_thumbnail":0,"_monsterinsights_skip_tracking":false,"_monsterinsights_sitenote_active":false,"_monsterinsights_sitenote_note":"","_monsterinsights_sitenote_category":0},"_links":{"self":[{"href":"https:\/\/neophyten-in-der-landwirtschaft.de\/index.php\/wp-json\/wp\/v2\/pages\/48"}],"collection":[{"href":"https:\/\/neophyten-in-der-landwirtschaft.de\/index.php\/wp-json\/wp\/v2\/pages"}],"about":[{"href":"https:\/\/neophyten-in-der-landwirtschaft.de\/index.php\/wp-json\/wp\/v2\/types\/page"}],"author":[{"embeddable":true,"href":"https:\/\/neophyten-in-der-landwirtschaft.de\/index.php\/wp-json\/wp\/v2\/users\/1"}],"replies":[{"embeddable":true,"href":"https:\/\/neophyten-in-der-landwirtschaft.de\/index.php\/wp-json\/wp\/v2\/comments?post=48"}],"version-history":[{"count":8,"href":"https:\/\/neophyten-in-der-landwirtschaft.de\/index.php\/wp-json\/wp\/v2\/pages\/48\/revisions"}],"predecessor-version":[{"id":1381,"href":"https:\/\/neophyten-in-der-landwirtschaft.de\/index.php\/wp-json\/wp\/v2\/pages\/48\/revisions\/1381"}],"wp:attachment":[{"href":"https:\/\/neophyten-in-der-landwirtschaft.de\/index.php\/wp-json\/wp\/v2\/media?parent=48"}],"curies":[{"name":"wp","href":"https:\/\/api.w.org\/{rel}","templated":true}]}}