{"id":1244,"date":"2020-03-09T09:20:34","date_gmt":"2020-03-09T09:20:34","guid":{"rendered":"http:\/\/neophyten-in-der-landwirtschaft.de\/?page_id=1244"},"modified":"2020-05-25T14:24:06","modified_gmt":"2020-05-25T14:24:06","slug":"neophytenvorkommen","status":"publish","type":"page","link":"https:\/\/neophyten-in-der-landwirtschaft.de\/index.php\/neophytenvorkommen\/","title":{"rendered":"Neophytenvorkommen"},"content":{"rendered":"\n<p>Um Neophyten nachhaltig kontrollieren zu k\u00f6nnen, ist es notwendig, deren Vorkommen zu kennen. <\/p>\n\n\n\n<p>Vorkommen von Neophyten werden in Deutschland von Naturschutzbeh\u00f6rden, botanischen oder naturwissenschaftlichen Vereinen und B\u00fcrgerInnen kartiert.  Die Funddaten werden in Datenbanken der Beh\u00f6rden oder Vereine gesammelt. Diese Datenbanken sind bisher nur sehr selten im Internet zug\u00e4nglich. Im Rahmen des ENVISAGE-Projektes haben wir begonnen, Funddaten der im Projekt untersuchten invasiven Neophyten aus mehreren Bundesl\u00e4ndern zusammenzutragen. Diese Funddaten werden hier im ENVISAGE-Atlas der Neophytenvorkommen dargestellt.<\/p>\n\n\n\n<hr class=\"wp-block-separator\"\/>\n\n\n\n<div class=\"wp-block-columns is-layout-flex wp-container-3\">\n<div class=\"wp-block-column is-layout-flow\" style=\"flex-basis:33.33%\">\n<p>Im Atlas sind die Vorkommen der untersuchten invasiven Neophyten in einer interaktiven Karte verortet und beschrieben.<\/p>\n\n\n\n<p><a rel=\"noreferrer noopener\" href=\"http:\/\/neophyten-in-der-landwirtschaft.de\/map\/karte.html\" target=\"_blank\" class=\"broken_link\">Zum Atlas<\/a><\/p>\n<\/div>\n\n\n\n<div class=\"wp-block-column is-layout-flow\" style=\"flex-basis:66.66%\">\n<figure class=\"wp-block-image size-large\"><a href=\"http:\/\/neophyten-in-der-landwirtschaft.de\/map\/karte.html\" class=\"broken_link\"><img decoding=\"async\" loading=\"lazy\" width=\"992\" height=\"536\" src=\"http:\/\/neophyten-in-der-landwirtschaft.de\/wp-content\/uploads\/2020\/05\/envisage_atlas.png\" alt=\"\" class=\"wp-image-1348\" srcset=\"https:\/\/neophyten-in-der-landwirtschaft.de\/wp-content\/uploads\/2020\/05\/envisage_atlas.png 992w, https:\/\/neophyten-in-der-landwirtschaft.de\/wp-content\/uploads\/2020\/05\/envisage_atlas-300x162.png 300w, https:\/\/neophyten-in-der-landwirtschaft.de\/wp-content\/uploads\/2020\/05\/envisage_atlas-768x415.png 768w, https:\/\/neophyten-in-der-landwirtschaft.de\/wp-content\/uploads\/2020\/05\/envisage_atlas-150x81.png 150w\" sizes=\"(max-width: 992px) 100vw, 992px\" \/><\/a><\/figure>\n<\/div>\n<\/div>\n\n\n\n<h4 class=\"wp-block-heading\">Bedienungsanleitung f\u00fcr Atlas<\/h4>\n\n\n<a href=\"https:\/\/neophyten-in-der-landwirtschaft.de\/wp-content\/uploads\/2020\/03\/Schneider-2019-Einf\u00fchrung-in-die-Karte-der-Neophytenvorkommen.pdf\" class=\"pdfemb-viewer\" style=\"width: 750px; \" data-width=\"750\" data-height=\"max\"  data-toolbar=\"bottom\" data-toolbar-fixed=\"off\">Schneider-2019-Einf\u00fchrung-in-die-Karte-der-Neophytenvorkommen<br\/><\/a>\n<p class=\"wp-block-pdfemb-pdf-embedder-viewer\"><\/p>\n\n\n\n<p>Vorkommen von weiteren invasiven Neophytenarten, vorwiegend aus Sachsen-Anhalt, werden seit 2011 im <a rel=\"noreferrer noopener\" href=\"https:\/\/www.korina.info\/funde\/atlas\/\" target=\"_blank\">Online-Atlas<\/a> der Koordinationsstelle Invasive Neophyten in Schutzgebieten Sachsen-Anhalts, angezeigt.<\/p>\n\n\n\n<h3 class=\"wp-block-heading\">Fundmeldung<\/h3>\n\n\n\n<p>Wenn Sie Funde invasiver Neophyten melden wollen, k\u00f6nnen Sie das im Gel\u00e4nde mit der <a rel=\"noreferrer noopener\" href=\"https:\/\/www.korina.info\/funde\/app\/\" target=\"_blank\">KORINA-App<\/a> oder vom Rechner aus mit dem <a rel=\"noreferrer noopener\" href=\"https:\/\/www.korina.info\/funde\/fundmeldung\/\" target=\"_blank\">KORINA-Fundmeldeformular<\/a> tun!<\/p>\n\n\n\n<p><\/p>\n","protected":false},"excerpt":{"rendered":"<p>Um Neophyten nachhaltig kontrollieren zu k\u00f6nnen, ist es notwendig, deren Vorkommen zu kennen. Vorkommen von Neophyten werden in Deutschland von Naturschutzbeh\u00f6rden, botanischen oder naturwissenschaftlichen Vereinen und B\u00fcrgerInnen kartiert. Die Funddaten werden in Datenbanken der Beh\u00f6rden oder Vereine gesammelt. Diese Datenbanken sind bisher nur sehr selten im Internet zug\u00e4nglich. Im Rahmen\u2026<\/p>\n<p> <a class=\"continue-reading-link\" href=\"https:\/\/neophyten-in-der-landwirtschaft.de\/index.php\/neophytenvorkommen\/\"><span>Continue reading<\/span><i class=\"crycon-right-dir\"><\/i><\/a> <\/p>\n","protected":false},"author":2,"featured_media":0,"parent":0,"menu_order":0,"comment_status":"closed","ping_status":"closed","template":"","meta":{"ngg_post_thumbnail":0,"_monsterinsights_skip_tracking":false,"_monsterinsights_sitenote_active":false,"_monsterinsights_sitenote_note":"","_monsterinsights_sitenote_category":0},"_links":{"self":[{"href":"https:\/\/neophyten-in-der-landwirtschaft.de\/index.php\/wp-json\/wp\/v2\/pages\/1244"}],"collection":[{"href":"https:\/\/neophyten-in-der-landwirtschaft.de\/index.php\/wp-json\/wp\/v2\/pages"}],"about":[{"href":"https:\/\/neophyten-in-der-landwirtschaft.de\/index.php\/wp-json\/wp\/v2\/types\/page"}],"author":[{"embeddable":true,"href":"https:\/\/neophyten-in-der-landwirtschaft.de\/index.php\/wp-json\/wp\/v2\/users\/2"}],"replies":[{"embeddable":true,"href":"https:\/\/neophyten-in-der-landwirtschaft.de\/index.php\/wp-json\/wp\/v2\/comments?post=1244"}],"version-history":[{"count":23,"href":"https:\/\/neophyten-in-der-landwirtschaft.de\/index.php\/wp-json\/wp\/v2\/pages\/1244\/revisions"}],"predecessor-version":[{"id":1352,"href":"https:\/\/neophyten-in-der-landwirtschaft.de\/index.php\/wp-json\/wp\/v2\/pages\/1244\/revisions\/1352"}],"wp:attachment":[{"href":"https:\/\/neophyten-in-der-landwirtschaft.de\/index.php\/wp-json\/wp\/v2\/media?parent=1244"}],"curies":[{"name":"wp","href":"https:\/\/api.w.org\/{rel}","templated":true}]}}